{"id":7341,"date":"2025-08-07T17:55:07","date_gmt":"2025-08-07T15:55:07","guid":{"rendered":"https:\/\/shop.josef-dreisoerner.de\/shipping-methods\/"},"modified":"2025-08-12T14:15:08","modified_gmt":"2025-08-12T12:15:08","slug":"shipping-methods","status":"publish","type":"page","link":"https:\/\/josef-dreisoerner.de\/en\/shipping-methods\/","title":{"rendered":"Shipping methods"},"content":{"rendered":"\n<style type=\"text\/css\" data-created_by=\"avia_inline_auto\" id=\"style-css-av-mdyluzd4-031ff912c5b1c8911f175fcd1feb6018\">\n#top .hr.hr-invisible.av-mdyluzd4-031ff912c5b1c8911f175fcd1feb6018{\nheight:40px;\n}\n<\/style>\n<div  class='hr av-mdyluzd4-031ff912c5b1c8911f175fcd1feb6018 hr-invisible  avia-builder-el-0  el_before_av_one_full  avia-builder-el-first '><span class='hr-inner '><span class=\"hr-inner-style\"><\/span><\/span><\/div>\n<div  class='flex_column av-2ptmcb-b9e069aa1d5aacface76dcb163867b78 av_one_full  avia-builder-el-1  el_after_av_hr  el_before_av_textblock  first flex_column_div  '     ><style type=\"text\/css\" data-created_by=\"avia_inline_auto\" id=\"style-css-av-mdylw8m2-41bb404f25e2121c702dfda8d6ce51fd\">\n#top .av-special-heading.av-mdylw8m2-41bb404f25e2121c702dfda8d6ce51fd{\npadding-bottom:10px;\n}\nbody .av-special-heading.av-mdylw8m2-41bb404f25e2121c702dfda8d6ce51fd .av-special-heading-tag .heading-char{\nfont-size:25px;\n}\n#top #wrap_all .av-special-heading.av-mdylw8m2-41bb404f25e2121c702dfda8d6ce51fd .av-special-heading-tag{\nfont-size:28px;\n}\n.av-special-heading.av-mdylw8m2-41bb404f25e2121c702dfda8d6ce51fd .av-subheading{\nfont-size:15px;\n}\n<\/style>\n<div  class='av-special-heading av-mdylw8m2-41bb404f25e2121c702dfda8d6ce51fd av-special-heading-h1  avia-builder-el-2  avia-builder-el-no-sibling '><h1 class='av-special-heading-tag '  itemprop=\"headline\"  >Delivery times \/ Shipping<\/h1><div class=\"special-heading-border\"><div class=\"special-heading-inner-border\"><\/div><\/div><\/div><\/div>\n<section  class='av_textblock_section av-mawewcvd-cdcba5a43fe2e543fcca4e85e9aa5b11 '   itemscope=\"itemscope\" itemtype=\"https:\/\/schema.org\/CreativeWork\" ><div class='avia_textblock'  itemprop=\"text\" ><p>Prices include shipping costs. The customer bears the customs fees and handling costs for customs clearance when shipping outside the EU. Dreis\u00f6rner Werbeagentur GmbH is not responsible for delays caused by customs and shipping service providers.<\/p>\n<p>The delivery time within Germany and the EU is approx. 14 working days, unless otherwise agreed. The delivery period for international shipments (outside the EU) is approx. 3 weeks, unless otherwise agreed. It begins with the conclusion of the contract.  <\/p>\n<p>As soon as the shipment has been handed over to the transport service provider, you will receive a tracking number from us so that you can follow the route of your goods to you.<\/p>\n<p>Orders are usually sent by insured shipping with Deutsche Post\/ DHL or DHL Express, UPS, Hermes or a similar company. The ordered goods will be shipped after receipt of payment.<\/p>\n<\/div><\/section>\n<\/div><\/div><\/div><!-- close content main div --><\/div><\/div><div id='av_section_1'  class='avia-section av-mdzujvma-889bc7b9bbcebf3d26d72cfe3211e46e main_color avia-section-huge avia-no-border-styling  avia-builder-el-4  el_after_av_textblock  avia-builder-el-last  avia-bg-style-scroll container_wrap fullsize'  ><div class='container av-section-cont-open' ><div class='template-page content  av-content-full alpha units'><div class='post-entry post-entry-type-page post-entry-7341'><div class='entry-content-wrapper clearfix'>\n","protected":false},"excerpt":{"rendered":"","protected":false},"author":1,"featured_media":0,"parent":0,"menu_order":0,"comment_status":"closed","ping_status":"closed","template":"","meta":{"footnotes":""},"class_list":["post-7341","page","type-page","status-publish","hentry"],"yoast_head":"<!-- This site is optimized with the Yoast SEO plugin v27.3 - https:\/\/yoast.com\/product\/yoast-seo-wordpress\/ -->\n<title>Shipping methods - Josef Dreis\u00f6rner Photographic &amp; Imaging Art<\/title>\n<meta name=\"description\" content=\"Delivery times \/ shipping of the online store of the website josef-dreisoerner.de\" \/>\n<meta name=\"robots\" content=\"index, follow, max-snippet:-1, max-image-preview:large, max-video-preview:-1\" \/>\n<link rel=\"canonical\" href=\"https:\/\/josef-dreisoerner.de\/en\/shipping-methods\/\" \/>\n<meta property=\"og:locale\" content=\"en_US\" \/>\n<meta property=\"og:type\" content=\"article\" \/>\n<meta property=\"og:title\" content=\"Shipping methods - Josef Dreis\u00f6rner Photographic &amp; Imaging Art\" \/>\n<meta property=\"og:description\" content=\"Delivery times \/ shipping of the online store of the website josef-dreisoerner.de\" \/>\n<meta property=\"og:url\" content=\"https:\/\/josef-dreisoerner.de\/en\/shipping-methods\/\" \/>\n<meta property=\"og:site_name\" content=\"Josef Dreis\u00f6rner Photographic &amp; Imaging Art\" \/>\n<meta property=\"article:publisher\" content=\"https:\/\/www.facebook.com\/josefdreisoerner\" \/>\n<meta property=\"article:modified_time\" content=\"2025-08-12T12:15:08+00:00\" \/>\n<meta name=\"twitter:card\" content=\"summary_large_image\" \/>\n<meta name=\"twitter:label1\" content=\"Est. reading time\" \/>\n\t<meta name=\"twitter:data1\" content=\"6 minutes\" \/>\n<script type=\"application\/ld+json\" class=\"yoast-schema-graph\">{\"@context\":\"https:\\\/\\\/schema.org\",\"@graph\":[{\"@type\":\"WebPage\",\"@id\":\"https:\\\/\\\/josef-dreisoerner.de\\\/en\\\/shipping-methods\\\/\",\"url\":\"https:\\\/\\\/josef-dreisoerner.de\\\/en\\\/shipping-methods\\\/\",\"name\":\"Shipping methods - Josef Dreis\u00f6rner Photographic &amp; Imaging Art\",\"isPartOf\":{\"@id\":\"https:\\\/\\\/josef-dreisoerner.de\\\/en\\\/#website\"},\"datePublished\":\"2025-08-07T15:55:07+00:00\",\"dateModified\":\"2025-08-12T12:15:08+00:00\",\"description\":\"Delivery times \\\/ shipping of the online store of the website josef-dreisoerner.de\",\"breadcrumb\":{\"@id\":\"https:\\\/\\\/josef-dreisoerner.de\\\/en\\\/shipping-methods\\\/#breadcrumb\"},\"inLanguage\":\"en-US\",\"potentialAction\":[{\"@type\":\"ReadAction\",\"target\":[\"https:\\\/\\\/josef-dreisoerner.de\\\/en\\\/shipping-methods\\\/\"]}]},{\"@type\":\"BreadcrumbList\",\"@id\":\"https:\\\/\\\/josef-dreisoerner.de\\\/en\\\/shipping-methods\\\/#breadcrumb\",\"itemListElement\":[{\"@type\":\"ListItem\",\"position\":1,\"name\":\"Startseite\",\"item\":\"https:\\\/\\\/josef-dreisoerner.de\\\/en\\\/josef-dreisoerner-analog-fine-art-photography-ai-and-digital-photo-art\\\/\"},{\"@type\":\"ListItem\",\"position\":2,\"name\":\"Shipping methods\"}]},{\"@type\":\"WebSite\",\"@id\":\"https:\\\/\\\/josef-dreisoerner.de\\\/en\\\/#website\",\"url\":\"https:\\\/\\\/josef-dreisoerner.de\\\/en\\\/\",\"name\":\"Josef Dreis\u00f6rner Photographic Art\",\"description\":\"Analoge, Gro\u00dfformat, Schwarzwei\u00df-Fotografien \\\/ KI &amp; Digital Imaging\",\"publisher\":{\"@id\":\"https:\\\/\\\/josef-dreisoerner.de\\\/en\\\/#organization\"},\"potentialAction\":[{\"@type\":\"SearchAction\",\"target\":{\"@type\":\"EntryPoint\",\"urlTemplate\":\"https:\\\/\\\/josef-dreisoerner.de\\\/en\\\/?s={search_term_string}\"},\"query-input\":{\"@type\":\"PropertyValueSpecification\",\"valueRequired\":true,\"valueName\":\"search_term_string\"}}],\"inLanguage\":\"en-US\"},{\"@type\":\"Organization\",\"@id\":\"https:\\\/\\\/josef-dreisoerner.de\\\/en\\\/#organization\",\"name\":\"Josef Dreis\u00f6rner\",\"url\":\"https:\\\/\\\/josef-dreisoerner.de\\\/en\\\/\",\"logo\":{\"@type\":\"ImageObject\",\"inLanguage\":\"en-US\",\"@id\":\"https:\\\/\\\/josef-dreisoerner.de\\\/en\\\/#\\\/schema\\\/logo\\\/image\\\/\",\"url\":\"https:\\\/\\\/josef-dreisoerner.de\\\/wp-content\\\/uploads\\\/2025\\\/05\\\/websiteicon-jd-art.gif\",\"contentUrl\":\"https:\\\/\\\/josef-dreisoerner.de\\\/wp-content\\\/uploads\\\/2025\\\/05\\\/websiteicon-jd-art.gif\",\"width\":512,\"height\":512,\"caption\":\"Josef Dreis\u00f6rner\"},\"image\":{\"@id\":\"https:\\\/\\\/josef-dreisoerner.de\\\/en\\\/#\\\/schema\\\/logo\\\/image\\\/\"},\"sameAs\":[\"https:\\\/\\\/www.facebook.com\\\/josefdreisoerner\",\"https:\\\/\\\/www.instagram.com\\\/josef_dreisoerner\"]}]}<\/script>\n<!-- \/ Yoast SEO plugin. -->","yoast_head_json":{"title":"Shipping methods - Josef Dreis\u00f6rner Photographic &amp; Imaging Art","description":"Delivery times \/ shipping of the online store of the website josef-dreisoerner.de","robots":{"index":"index","follow":"follow","max-snippet":"max-snippet:-1","max-image-preview":"max-image-preview:large","max-video-preview":"max-video-preview:-1"},"canonical":"https:\/\/josef-dreisoerner.de\/en\/shipping-methods\/","og_locale":"en_US","og_type":"article","og_title":"Shipping methods - Josef Dreis\u00f6rner Photographic &amp; Imaging Art","og_description":"Delivery times \/ shipping of the online store of the website josef-dreisoerner.de","og_url":"https:\/\/josef-dreisoerner.de\/en\/shipping-methods\/","og_site_name":"Josef Dreis\u00f6rner Photographic &amp; Imaging Art","article_publisher":"https:\/\/www.facebook.com\/josefdreisoerner","article_modified_time":"2025-08-12T12:15:08+00:00","twitter_card":"summary_large_image","twitter_misc":{"Est. reading time":"6 minutes"},"schema":{"@context":"https:\/\/schema.org","@graph":[{"@type":"WebPage","@id":"https:\/\/josef-dreisoerner.de\/en\/shipping-methods\/","url":"https:\/\/josef-dreisoerner.de\/en\/shipping-methods\/","name":"Shipping methods - Josef Dreis\u00f6rner Photographic &amp; Imaging Art","isPartOf":{"@id":"https:\/\/josef-dreisoerner.de\/en\/#website"},"datePublished":"2025-08-07T15:55:07+00:00","dateModified":"2025-08-12T12:15:08+00:00","description":"Delivery times \/ shipping of the online store of the website josef-dreisoerner.de","breadcrumb":{"@id":"https:\/\/josef-dreisoerner.de\/en\/shipping-methods\/#breadcrumb"},"inLanguage":"en-US","potentialAction":[{"@type":"ReadAction","target":["https:\/\/josef-dreisoerner.de\/en\/shipping-methods\/"]}]},{"@type":"BreadcrumbList","@id":"https:\/\/josef-dreisoerner.de\/en\/shipping-methods\/#breadcrumb","itemListElement":[{"@type":"ListItem","position":1,"name":"Startseite","item":"https:\/\/josef-dreisoerner.de\/en\/josef-dreisoerner-analog-fine-art-photography-ai-and-digital-photo-art\/"},{"@type":"ListItem","position":2,"name":"Shipping methods"}]},{"@type":"WebSite","@id":"https:\/\/josef-dreisoerner.de\/en\/#website","url":"https:\/\/josef-dreisoerner.de\/en\/","name":"Josef Dreis\u00f6rner Photographic Art","description":"Analoge, Gro\u00dfformat, Schwarzwei\u00df-Fotografien \/ KI &amp; Digital Imaging","publisher":{"@id":"https:\/\/josef-dreisoerner.de\/en\/#organization"},"potentialAction":[{"@type":"SearchAction","target":{"@type":"EntryPoint","urlTemplate":"https:\/\/josef-dreisoerner.de\/en\/?s={search_term_string}"},"query-input":{"@type":"PropertyValueSpecification","valueRequired":true,"valueName":"search_term_string"}}],"inLanguage":"en-US"},{"@type":"Organization","@id":"https:\/\/josef-dreisoerner.de\/en\/#organization","name":"Josef Dreis\u00f6rner","url":"https:\/\/josef-dreisoerner.de\/en\/","logo":{"@type":"ImageObject","inLanguage":"en-US","@id":"https:\/\/josef-dreisoerner.de\/en\/#\/schema\/logo\/image\/","url":"https:\/\/josef-dreisoerner.de\/wp-content\/uploads\/2025\/05\/websiteicon-jd-art.gif","contentUrl":"https:\/\/josef-dreisoerner.de\/wp-content\/uploads\/2025\/05\/websiteicon-jd-art.gif","width":512,"height":512,"caption":"Josef Dreis\u00f6rner"},"image":{"@id":"https:\/\/josef-dreisoerner.de\/en\/#\/schema\/logo\/image\/"},"sameAs":["https:\/\/www.facebook.com\/josefdreisoerner","https:\/\/www.instagram.com\/josef_dreisoerner"]}]}},"_links":{"self":[{"href":"https:\/\/josef-dreisoerner.de\/en\/wp-json\/wp\/v2\/pages\/7341","targetHints":{"allow":["GET"]}}],"collection":[{"href":"https:\/\/josef-dreisoerner.de\/en\/wp-json\/wp\/v2\/pages"}],"about":[{"href":"https:\/\/josef-dreisoerner.de\/en\/wp-json\/wp\/v2\/types\/page"}],"author":[{"embeddable":true,"href":"https:\/\/josef-dreisoerner.de\/en\/wp-json\/wp\/v2\/users\/1"}],"replies":[{"embeddable":true,"href":"https:\/\/josef-dreisoerner.de\/en\/wp-json\/wp\/v2\/comments?post=7341"}],"version-history":[{"count":0,"href":"https:\/\/josef-dreisoerner.de\/en\/wp-json\/wp\/v2\/pages\/7341\/revisions"}],"wp:attachment":[{"href":"https:\/\/josef-dreisoerner.de\/en\/wp-json\/wp\/v2\/media?parent=7341"}],"curies":[{"name":"wp","href":"https:\/\/api.w.org\/{rel}","templated":true}]}}