{"id":8477,"date":"2025-08-11T17:23:30","date_gmt":"2025-08-11T15:23:30","guid":{"rendered":"https:\/\/shop.josef-dreisoerner.de\/cancellation-policy\/"},"modified":"2025-08-25T16:52:24","modified_gmt":"2025-08-25T14:52:24","slug":"cancellation-policy","status":"publish","type":"page","link":"https:\/\/josef-dreisoerner.de\/en\/cancellation-policy\/","title":{"rendered":"Cancellation policy"},"content":{"rendered":"\n<style type=\"text\/css\" data-created_by=\"avia_inline_auto\" id=\"style-css-av-mdyl0ajn-01dca1df82dd06f039b1e2d6a806fe1c\">\n#top .hr.hr-invisible.av-mdyl0ajn-01dca1df82dd06f039b1e2d6a806fe1c{\nheight:40px;\n}\n<\/style>\n<div  class='hr av-mdyl0ajn-01dca1df82dd06f039b1e2d6a806fe1c hr-invisible  avia-builder-el-0  el_before_av_one_full  avia-builder-el-first '><span class='hr-inner '><span class=\"hr-inner-style\"><\/span><\/span><\/div>\n<div  class='flex_column av-1y1bje-2df29aadaf66e850e22ac5c4a8b1a4a4 av_one_full  avia-builder-el-1  el_after_av_hr  el_before_av_textblock  first flex_column_div  '     ><style type=\"text\/css\" data-created_by=\"avia_inline_auto\" id=\"style-css-av-mdyl0pqz-567c8ed61e985e12f45e5eac5e1f1c40\">\n#top .av-special-heading.av-mdyl0pqz-567c8ed61e985e12f45e5eac5e1f1c40{\npadding-bottom:10px;\n}\nbody .av-special-heading.av-mdyl0pqz-567c8ed61e985e12f45e5eac5e1f1c40 .av-special-heading-tag .heading-char{\nfont-size:25px;\n}\n#top #wrap_all .av-special-heading.av-mdyl0pqz-567c8ed61e985e12f45e5eac5e1f1c40 .av-special-heading-tag{\nfont-size:28px;\n}\n.av-special-heading.av-mdyl0pqz-567c8ed61e985e12f45e5eac5e1f1c40 .av-subheading{\nfont-size:15px;\n}\n<\/style>\n<div  class='av-special-heading av-mdyl0pqz-567c8ed61e985e12f45e5eac5e1f1c40 av-special-heading-h1  avia-builder-el-2  avia-builder-el-no-sibling '><h1 class='av-special-heading-tag '  itemprop=\"headline\"  >Cancellation policy<\/h1><div class=\"special-heading-border\"><div class=\"special-heading-inner-border\"><\/div><\/div><\/div><\/div><section  class='av_textblock_section av-mar11091-a9139bed45e0737916eb64f17f426e41 '   itemscope=\"itemscope\" itemtype=\"https:\/\/schema.org\/CreativeWork\" ><div class='avia_textblock'  itemprop=\"text\" ><p>Cancellation policy for digital content, prepared in accordance with EGBGB Annex 1 to Art. 246a \u00a7 1 para. 2 sentence 2 Reference: BGBl. I 2013, 3642 &#8211; 3670<br \/>\n<br class=\"avia-permanent-lb\"><\/p>\n<h4>Right of withdrawal<\/h4>\n<p>You have the right to withdraw from this contract within fourteen days without giving any reason.<\/p>\n<p>The withdrawal period is fourteen days from the day on which you or a third party named by you, who is not the carrier, took possession of the goods.<\/p>\n<p>In order to exercise your right of withdrawal, you must inform Dreis\u00f6rner Werbeagentur GmbH, represented by its managing director Mr. Josef Dreis\u00f6rner, Kaulbachstrasse 61, 80539 Munich, Tel +49 89 6886778, shop@josef-dreisoerner.de, by means of a clear statement (e.g. a letter sent by post or e-mail) of your decision to withdraw from this contract. You can use the sample withdrawal form below, but this is not mandatory. If you make use of this option, we will immediately send you (by e-mail) a confirmation of receipt of such a revocation.  <\/p>\n<p>To meet the withdrawal deadline, it is sufficient for you to send your notification of exercising your right of withdrawal before the withdrawal period has expired.<\/p>\n<h4>Consequences of revocation<\/h4>\n<p>If you withdraw from this contract, we shall reimburse to you all payments received from you, including the costs of delivery (with the exception of the supplementary costs resulting from your choice of a type of delivery other than the least expensive type of standard delivery offered by us), without undue delay and in any event not later than 14 days from the day on which we are informed about your decision to withdraw from this contract. For this repayment, we will use the same means of payment that you used for the original transaction, unless expressly agreed otherwise with you; under no circumstances will you be charged any fees for this repayment. We may withhold the refund until we have received the goods back or until you have provided proof that you have returned the goods, whichever is the earliest.  <\/p>\n<p>You must return or hand over the goods to us immediately and in any case within fourteen days at the latest from the day on which you inform us of the revocation of this contract. The deadline is met if you send the goods before the period of fourteen days has expired. You shall bear the direct costs of returning the goods. You only have to pay for any loss in value of the goods if this loss in value is due to handling of the goods that is not necessary for checking their condition, properties and functionality.   <\/p>\n<p>Please note that you will be charged for all shipping costs and additional charges (such as packaging and material costs etc.) and that it is your responsibility to return the package to us in a safe manner. Once we have verified that the product(s) are in perfect condition, we will refund your money (minus shipping costs) as soon as possible.<br \/>\nIf your product(s) are broken or damaged in any way on arrival and you wish to make a claim, please contact us as soon as possible with details, pictures and any additional information we may require and we will get back to you as soon as possible. <\/p>\n<p>All possible customs duties are to be paid by the buyer.<\/p>\n<h4>The right of withdrawal does not apply to the following contracts:<\/h4>\n<p>Contracts for the supply of goods which are not prefabricated and for the manufacture of which an individual selection or determination by the consumer is decisive or which are clearly tailored to the personal needs of the consumer. Contracts for the supply of goods that can spoil quickly or whose expiration date would be quickly exceeded. Contracts for the supply of sealed goods which are not suitable for return for reasons of health protection or hygiene if their seal has been removed after delivery.<br \/>\nContracts for the supply of goods if they have been inseparably mixed with other goods after delivery due to their nature. Contracts for the supply of alcoholic beverages, the price of which was agreed upon conclusion of the contract, but which can be delivered at the earliest 30 days after conclusion of the contract and whose current value depends on fluctuations in the market over which the trader has no influence. Contracts for the supply of sound or video recordings or computer software in a sealed package if the seal has been removed after delivery. Contracts for the supply of newspapers, periodicals or magazines with the exception of subscription contracts. Contracts for the supply of goods whose price depends on fluctuations in the financial market over which the trader has no control and which may occur within the withdrawal period.      <\/p>\n<p>If you wish to cancel the contract, please complete this form.<br \/>\n<br class=\"avia-permanent-lb\"><br class=\"avia-permanent-lb\"><\/p>\n<\/div><\/section><\/p>\n<section  class='av_textblock_section av-mar1atfn-2133cdb34af114032a08413f3a1240b1 '   itemscope=\"itemscope\" itemtype=\"https:\/\/schema.org\/CreativeWork\" ><div class='avia_textblock'  itemprop=\"text\" ><div class=\"woocommerce woocommerce-gzd\">\n<form name=\"revocation\" method=\"post\" id=\"woocommerce-gzd-revocation\">\n\t<p class=\"form-row\" id=\"to_field\">\n\t\t<label for=\"to\" class=\"\">To<\/label>\n\t\t<span class=\"description\">Dreis\u00f6rner Werbeagentur GmbH;  Kaulbachstra\u00dfe 61; 80539 M\u00fcnchen; Tel 089 7 6886778; shop@josef-dreisoerner.com<\/span>\n\t<\/p>\n\t\t\t\t\t\t<p class=\"form-row validate-required\" id=\"content_field\" data-priority=\"\"><label for=\"content\" class=\"required_field\">Withdrawal&nbsp;<span class=\"required\" aria-hidden=\"true\">*<\/span><\/label><span class=\"woocommerce-input-wrapper\"><textarea name=\"content\" class=\"input-text \" id=\"content\" placeholder=\"\"  rows=\"2\" cols=\"5\"aria-required=\"true\" aria-describedby=\"content-description\">I\/We hereby give notice that I\/We withdraw from my\/our contract of sale of the following goods\/provision of the following service: <\/textarea><span class=\"description\" id=\"content-description\" aria-hidden=\"true\">Tip: Delete whatever entry does not apply, and provide, as needed<\/span><\/span><\/p>\t\t\t\t\t<p class=\"form-row \" id=\"received_field\" data-priority=\"\"><label for=\"received\" class=\"\">Received&nbsp;<span class=\"optional\">(optional)<\/span><\/label><span class=\"woocommerce-input-wrapper\"><input type=\"text\" class=\"input-text \" name=\"received\" id=\"received\" placeholder=\"\"  value=\"\"  \/><\/span><\/p>\t\t\t\t\t<p class=\"form-row \" id=\"order_date_field\" data-priority=\"\"><label for=\"order_date\" class=\"\">Order Date&nbsp;<span class=\"optional\">(optional)<\/span><\/label><span class=\"woocommerce-input-wrapper\"><input type=\"text\" class=\"input-text \" name=\"order_date\" id=\"order_date\" placeholder=\"\"  value=\"\"  \/><\/span><\/p>\t\t\t\t\t<h3>Customer Data<\/h3>\t\t\t\t\t<p class=\"form-row \" id=\"address_title_field\" data-priority=\"\"><label for=\"address_title\" class=\"\">Title&nbsp;<span class=\"optional\">(optional)<\/span><\/label><span class=\"woocommerce-input-wrapper\"><select name=\"address_title\" id=\"address_title\" class=\"select \"  data-placeholder=\"\">\n\t\t\t\t\t\t\t<option value=\"Mr.\" >Mr.<\/option><option value=\"Ms.\" >Ms.<\/option>\n\t\t\t\t\t\t<\/select><\/span><\/p>\t\t\t\t\t<p class=\"form-row validate-required\" id=\"address_firstname_field\" data-priority=\"\"><label for=\"address_firstname\" class=\"required_field\">First Name&nbsp;<span class=\"required\" aria-hidden=\"true\">*<\/span><\/label><span class=\"woocommerce-input-wrapper\"><input type=\"text\" class=\"input-text \" name=\"address_firstname\" id=\"address_firstname\" placeholder=\"\"  value=\"\" aria-required=\"true\" \/><\/span><\/p>\t\t\t\t\t<p class=\"form-row validate-required\" id=\"address_lastname_field\" data-priority=\"\"><label for=\"address_lastname\" class=\"required_field\">Last Name&nbsp;<span class=\"required\" aria-hidden=\"true\">*<\/span><\/label><span class=\"woocommerce-input-wrapper\"><input type=\"text\" class=\"input-text \" name=\"address_lastname\" id=\"address_lastname\" placeholder=\"\"  value=\"\" aria-required=\"true\" \/><\/span><\/p>\t\t\t\t\t<p class=\"form-row \" id=\"address_street_field\" data-priority=\"\"><label for=\"address_street\" class=\"\">Street&nbsp;<span class=\"optional\">(optional)<\/span><\/label><span class=\"woocommerce-input-wrapper\"><input type=\"text\" class=\"input-text \" name=\"address_street\" id=\"address_street\" placeholder=\"\"  value=\"\"  \/><\/span><\/p>\t\t\t\t\t<p class=\"form-row \" id=\"address_postal_field\" data-priority=\"\"><label for=\"address_postal\" class=\"\">Postal Code&nbsp;<span class=\"optional\">(optional)<\/span><\/label><span class=\"woocommerce-input-wrapper\"><input type=\"text\" class=\"input-text \" name=\"address_postal\" id=\"address_postal\" placeholder=\"\"  value=\"\"  \/><\/span><\/p>\t\t\t\t\t<p class=\"form-row \" id=\"address_city_field\" data-priority=\"\"><label for=\"address_city\" class=\"\">City&nbsp;<span class=\"optional\">(optional)<\/span><\/label><span class=\"woocommerce-input-wrapper\"><input type=\"text\" class=\"input-text \" name=\"address_city\" id=\"address_city\" placeholder=\"\"  value=\"\"  \/><\/span><\/p>\t\t\t\t\t<p class=\"form-row \" id=\"address_country_field\" data-priority=\"\"><label for=\"address_country\" class=\"\">Country&nbsp;<span class=\"optional\">(optional)<\/span><\/label><span class=\"woocommerce-input-wrapper\"><select name=\"address_country\" id=\"address_country\" class=\"country_to_state country_select \"  data-placeholder=\"Select a country \/ region&hellip;\" data-label=\"Country\"><option value=\"\">Select a country \/ region&hellip;<\/option><option value=\"AR\" >Argentina<\/option><option value=\"AU\" >Australia<\/option><option value=\"BH\" >Bahrain<\/option><option value=\"BE\" >Belgium<\/option><option value=\"BR\" >Brazil<\/option><option value=\"BG\" >Bulgaria<\/option><option value=\"CN\" >China<\/option><option value=\"CR\" >Costa Rica<\/option><option value=\"DE\"  selected='selected'>Germany<\/option><option value=\"DK\" >Denmark<\/option><option value=\"EE\" >Estonia<\/option><option value=\"FI\" >Finland<\/option><option value=\"FR\" >France<\/option><option value=\"GR\" >Greece<\/option><option value=\"GG\" >Guernsey<\/option><option value=\"HK\" >Hong Kong<\/option><option value=\"IN\" >India<\/option><option value=\"IE\" >Ireland<\/option><option value=\"IS\" >Iceland<\/option><option value=\"IT\" >Italy<\/option><option value=\"JP\" >Japan<\/option><option value=\"JE\" >Jersey<\/option><option value=\"CA\" >Canada<\/option><option value=\"QA\" >Qatar<\/option><option value=\"HR\" >Croatia<\/option><option value=\"KW\" >Kuwait<\/option><option value=\"LV\" >Latvia<\/option><option value=\"LI\" >Liechtenstein<\/option><option value=\"LT\" >Lithuania<\/option><option value=\"LU\" >Luxembourg<\/option><option value=\"MY\" >Malaysia<\/option><option value=\"MT\" >Malta<\/option><option value=\"MX\" >Mexico<\/option><option value=\"MC\" >Monaco<\/option><option value=\"NZ\" >New Zealand<\/option><option value=\"NL\" >Netherlands<\/option><option value=\"NO\" >Norway<\/option><option value=\"PL\" >Poland<\/option><option value=\"PT\" >Portugal<\/option><option value=\"RO\" >Romania<\/option><option value=\"SA\" >Saudi Arabia<\/option><option value=\"SE\" >Sweden<\/option><option value=\"CH\" >Switzerland<\/option><option value=\"SG\" >Singapore<\/option><option value=\"SK\" >Slovakia<\/option><option value=\"SI\" >Slovenia<\/option><option value=\"ES\" >Spain<\/option><option value=\"ZA\" >South Africa<\/option><option value=\"KR\" >South Korea<\/option><option value=\"CZ\" >Czech Republic<\/option><option value=\"HU\" >Hungary<\/option><option value=\"AE\" >United Arab Emirates<\/option><option value=\"US\" >United States (US)<\/option><option value=\"GB\" >United Kingdom (UK)<\/option><option value=\"CY\" >Cyprus<\/option><option value=\"AT\" >Austria<\/option><\/select><noscript><button type=\"submit\" name=\"woocommerce_checkout_update_totals\" value=\"Update country \/ region\">Update country \/ region<\/button><\/noscript><\/span><\/p>\t\t\t\t\t<p class=\"form-row validate-required validate-email\" id=\"address_mail_field\" data-priority=\"\"><label for=\"address_mail\" class=\"required_field\">Mail&nbsp;<span class=\"required\" aria-hidden=\"true\">*<\/span><\/label><span class=\"woocommerce-input-wrapper\"><input type=\"text\" class=\"input-text \" name=\"address_mail\" id=\"address_mail\" placeholder=\"\"  value=\"\" aria-required=\"true\" \/><\/span><\/p>\t\t\t\n\t<input type='hidden' name='lang' value='en' \/>\n\t<div class=\"form-row submit-revocation checkout-btn-wrap\">\n\t\t<input type=\"hidden\" id=\"_wpnonce\" name=\"_wpnonce\" value=\"859d0cd559\" \/><input type=\"hidden\" name=\"_wp_http_referer\" value=\"\/en\/wp-json\/wp\/v2\/pages\/8477\" \/>\t\t<button class=\"button alt\" name=\"woocommerce_gzd_revocation_submit\" id=\"submit_revocation\" value=\"Forward Withdrawal\" data-value=\"Forward Withdrawal\">Forward Withdrawal<\/button>\n\t<\/div>\n<\/form>\n<\/div>\n<\/div><\/section>\n","protected":false},"excerpt":{"rendered":"","protected":false},"author":1,"featured_media":0,"parent":0,"menu_order":0,"comment_status":"closed","ping_status":"closed","template":"","meta":{"footnotes":""},"class_list":["post-8477","page","type-page","status-publish","hentry"],"yoast_head":"<!-- This site is optimized with the Yoast SEO plugin v27.3 - https:\/\/yoast.com\/product\/yoast-seo-wordpress\/ -->\n<title>Cancellation policy - Josef Dreis\u00f6rner Photographic &amp; Imaging Art<\/title>\n<meta name=\"description\" content=\"Cancellation policy of the online store of the website josef-dreisoerner.de\" \/>\n<meta name=\"robots\" content=\"index, follow, max-snippet:-1, max-image-preview:large, max-video-preview:-1\" \/>\n<link rel=\"canonical\" href=\"https:\/\/josef-dreisoerner.de\/en\/cancellation-policy\/\" \/>\n<meta property=\"og:locale\" content=\"en_US\" \/>\n<meta property=\"og:type\" content=\"article\" \/>\n<meta property=\"og:title\" content=\"Cancellation policy - Josef Dreis\u00f6rner Photographic &amp; Imaging Art\" \/>\n<meta property=\"og:description\" content=\"Cancellation policy of the online store of the website josef-dreisoerner.de\" \/>\n<meta property=\"og:url\" content=\"https:\/\/josef-dreisoerner.de\/en\/cancellation-policy\/\" \/>\n<meta property=\"og:site_name\" content=\"Josef Dreis\u00f6rner Photographic &amp; Imaging Art\" \/>\n<meta property=\"article:publisher\" content=\"https:\/\/www.facebook.com\/josefdreisoerner\" \/>\n<meta property=\"article:modified_time\" content=\"2025-08-25T14:52:24+00:00\" \/>\n<meta name=\"twitter:card\" content=\"summary_large_image\" \/>\n<meta name=\"twitter:label1\" content=\"Est. reading time\" \/>\n\t<meta name=\"twitter:data1\" content=\"9 minutes\" \/>\n<script type=\"application\/ld+json\" class=\"yoast-schema-graph\">{\"@context\":\"https:\\\/\\\/schema.org\",\"@graph\":[{\"@type\":\"WebPage\",\"@id\":\"https:\\\/\\\/josef-dreisoerner.de\\\/en\\\/cancellation-policy\\\/\",\"url\":\"https:\\\/\\\/josef-dreisoerner.de\\\/en\\\/cancellation-policy\\\/\",\"name\":\"Cancellation policy - Josef Dreis\u00f6rner Photographic &amp; Imaging Art\",\"isPartOf\":{\"@id\":\"https:\\\/\\\/josef-dreisoerner.de\\\/en\\\/#website\"},\"datePublished\":\"2025-08-11T15:23:30+00:00\",\"dateModified\":\"2025-08-25T14:52:24+00:00\",\"description\":\"Cancellation policy of the online store of the website josef-dreisoerner.de\",\"breadcrumb\":{\"@id\":\"https:\\\/\\\/josef-dreisoerner.de\\\/en\\\/cancellation-policy\\\/#breadcrumb\"},\"inLanguage\":\"en-US\",\"potentialAction\":[{\"@type\":\"ReadAction\",\"target\":[\"https:\\\/\\\/josef-dreisoerner.de\\\/en\\\/cancellation-policy\\\/\"]}]},{\"@type\":\"BreadcrumbList\",\"@id\":\"https:\\\/\\\/josef-dreisoerner.de\\\/en\\\/cancellation-policy\\\/#breadcrumb\",\"itemListElement\":[{\"@type\":\"ListItem\",\"position\":1,\"name\":\"Startseite\",\"item\":\"https:\\\/\\\/josef-dreisoerner.de\\\/en\\\/josef-dreisoerner-analog-fine-art-photography-ai-and-digital-photo-art\\\/\"},{\"@type\":\"ListItem\",\"position\":2,\"name\":\"Cancellation policy\"}]},{\"@type\":\"WebSite\",\"@id\":\"https:\\\/\\\/josef-dreisoerner.de\\\/en\\\/#website\",\"url\":\"https:\\\/\\\/josef-dreisoerner.de\\\/en\\\/\",\"name\":\"Josef Dreis\u00f6rner Photographic Art\",\"description\":\"Analoge, Gro\u00dfformat, Schwarzwei\u00df-Fotografien \\\/ KI &amp; Digital Imaging\",\"publisher\":{\"@id\":\"https:\\\/\\\/josef-dreisoerner.de\\\/en\\\/#organization\"},\"potentialAction\":[{\"@type\":\"SearchAction\",\"target\":{\"@type\":\"EntryPoint\",\"urlTemplate\":\"https:\\\/\\\/josef-dreisoerner.de\\\/en\\\/?s={search_term_string}\"},\"query-input\":{\"@type\":\"PropertyValueSpecification\",\"valueRequired\":true,\"valueName\":\"search_term_string\"}}],\"inLanguage\":\"en-US\"},{\"@type\":\"Organization\",\"@id\":\"https:\\\/\\\/josef-dreisoerner.de\\\/en\\\/#organization\",\"name\":\"Josef Dreis\u00f6rner\",\"url\":\"https:\\\/\\\/josef-dreisoerner.de\\\/en\\\/\",\"logo\":{\"@type\":\"ImageObject\",\"inLanguage\":\"en-US\",\"@id\":\"https:\\\/\\\/josef-dreisoerner.de\\\/en\\\/#\\\/schema\\\/logo\\\/image\\\/\",\"url\":\"https:\\\/\\\/josef-dreisoerner.de\\\/wp-content\\\/uploads\\\/2025\\\/05\\\/websiteicon-jd-art.gif\",\"contentUrl\":\"https:\\\/\\\/josef-dreisoerner.de\\\/wp-content\\\/uploads\\\/2025\\\/05\\\/websiteicon-jd-art.gif\",\"width\":512,\"height\":512,\"caption\":\"Josef Dreis\u00f6rner\"},\"image\":{\"@id\":\"https:\\\/\\\/josef-dreisoerner.de\\\/en\\\/#\\\/schema\\\/logo\\\/image\\\/\"},\"sameAs\":[\"https:\\\/\\\/www.facebook.com\\\/josefdreisoerner\",\"https:\\\/\\\/www.instagram.com\\\/josef_dreisoerner\"]}]}<\/script>\n<!-- \/ Yoast SEO plugin. -->","yoast_head_json":{"title":"Cancellation policy - Josef Dreis\u00f6rner Photographic &amp; Imaging Art","description":"Cancellation policy of the online store of the website josef-dreisoerner.de","robots":{"index":"index","follow":"follow","max-snippet":"max-snippet:-1","max-image-preview":"max-image-preview:large","max-video-preview":"max-video-preview:-1"},"canonical":"https:\/\/josef-dreisoerner.de\/en\/cancellation-policy\/","og_locale":"en_US","og_type":"article","og_title":"Cancellation policy - Josef Dreis\u00f6rner Photographic &amp; Imaging Art","og_description":"Cancellation policy of the online store of the website josef-dreisoerner.de","og_url":"https:\/\/josef-dreisoerner.de\/en\/cancellation-policy\/","og_site_name":"Josef Dreis\u00f6rner Photographic &amp; Imaging Art","article_publisher":"https:\/\/www.facebook.com\/josefdreisoerner","article_modified_time":"2025-08-25T14:52:24+00:00","twitter_card":"summary_large_image","twitter_misc":{"Est. reading time":"9 minutes"},"schema":{"@context":"https:\/\/schema.org","@graph":[{"@type":"WebPage","@id":"https:\/\/josef-dreisoerner.de\/en\/cancellation-policy\/","url":"https:\/\/josef-dreisoerner.de\/en\/cancellation-policy\/","name":"Cancellation policy - Josef Dreis\u00f6rner Photographic &amp; Imaging Art","isPartOf":{"@id":"https:\/\/josef-dreisoerner.de\/en\/#website"},"datePublished":"2025-08-11T15:23:30+00:00","dateModified":"2025-08-25T14:52:24+00:00","description":"Cancellation policy of the online store of the website josef-dreisoerner.de","breadcrumb":{"@id":"https:\/\/josef-dreisoerner.de\/en\/cancellation-policy\/#breadcrumb"},"inLanguage":"en-US","potentialAction":[{"@type":"ReadAction","target":["https:\/\/josef-dreisoerner.de\/en\/cancellation-policy\/"]}]},{"@type":"BreadcrumbList","@id":"https:\/\/josef-dreisoerner.de\/en\/cancellation-policy\/#breadcrumb","itemListElement":[{"@type":"ListItem","position":1,"name":"Startseite","item":"https:\/\/josef-dreisoerner.de\/en\/josef-dreisoerner-analog-fine-art-photography-ai-and-digital-photo-art\/"},{"@type":"ListItem","position":2,"name":"Cancellation policy"}]},{"@type":"WebSite","@id":"https:\/\/josef-dreisoerner.de\/en\/#website","url":"https:\/\/josef-dreisoerner.de\/en\/","name":"Josef Dreis\u00f6rner Photographic Art","description":"Analoge, Gro\u00dfformat, Schwarzwei\u00df-Fotografien \/ KI &amp; Digital Imaging","publisher":{"@id":"https:\/\/josef-dreisoerner.de\/en\/#organization"},"potentialAction":[{"@type":"SearchAction","target":{"@type":"EntryPoint","urlTemplate":"https:\/\/josef-dreisoerner.de\/en\/?s={search_term_string}"},"query-input":{"@type":"PropertyValueSpecification","valueRequired":true,"valueName":"search_term_string"}}],"inLanguage":"en-US"},{"@type":"Organization","@id":"https:\/\/josef-dreisoerner.de\/en\/#organization","name":"Josef Dreis\u00f6rner","url":"https:\/\/josef-dreisoerner.de\/en\/","logo":{"@type":"ImageObject","inLanguage":"en-US","@id":"https:\/\/josef-dreisoerner.de\/en\/#\/schema\/logo\/image\/","url":"https:\/\/josef-dreisoerner.de\/wp-content\/uploads\/2025\/05\/websiteicon-jd-art.gif","contentUrl":"https:\/\/josef-dreisoerner.de\/wp-content\/uploads\/2025\/05\/websiteicon-jd-art.gif","width":512,"height":512,"caption":"Josef Dreis\u00f6rner"},"image":{"@id":"https:\/\/josef-dreisoerner.de\/en\/#\/schema\/logo\/image\/"},"sameAs":["https:\/\/www.facebook.com\/josefdreisoerner","https:\/\/www.instagram.com\/josef_dreisoerner"]}]}},"_links":{"self":[{"href":"https:\/\/josef-dreisoerner.de\/en\/wp-json\/wp\/v2\/pages\/8477","targetHints":{"allow":["GET"]}}],"collection":[{"href":"https:\/\/josef-dreisoerner.de\/en\/wp-json\/wp\/v2\/pages"}],"about":[{"href":"https:\/\/josef-dreisoerner.de\/en\/wp-json\/wp\/v2\/types\/page"}],"author":[{"embeddable":true,"href":"https:\/\/josef-dreisoerner.de\/en\/wp-json\/wp\/v2\/users\/1"}],"replies":[{"embeddable":true,"href":"https:\/\/josef-dreisoerner.de\/en\/wp-json\/wp\/v2\/comments?post=8477"}],"version-history":[{"count":0,"href":"https:\/\/josef-dreisoerner.de\/en\/wp-json\/wp\/v2\/pages\/8477\/revisions"}],"wp:attachment":[{"href":"https:\/\/josef-dreisoerner.de\/en\/wp-json\/wp\/v2\/media?parent=8477"}],"curies":[{"name":"wp","href":"https:\/\/api.w.org\/{rel}","templated":true}]}}