{"id":8479,"date":"2025-08-11T17:23:32","date_gmt":"2025-08-11T15:23:32","guid":{"rendered":"https:\/\/shop.josef-dreisoerner.de\/gtc\/"},"modified":"2025-09-03T15:29:11","modified_gmt":"2025-09-03T13:29:11","slug":"gtc","status":"publish","type":"page","link":"https:\/\/josef-dreisoerner.de\/en\/gtc\/","title":{"rendered":"GTC"},"content":{"rendered":"\n<style type=\"text\/css\" data-created_by=\"avia_inline_auto\" id=\"style-css-av-mdyl3bwr-0a193294e01672d2d428b44152dff7a9\">\n#top .hr.hr-invisible.av-mdyl3bwr-0a193294e01672d2d428b44152dff7a9{\nheight:40px;\n}\n<\/style>\n<div  class='hr av-mdyl3bwr-0a193294e01672d2d428b44152dff7a9 hr-invisible  avia-builder-el-0  el_before_av_one_full  avia-builder-el-first '><span class='hr-inner '><span class=\"hr-inner-style\"><\/span><\/span><\/div>\n<div  class='flex_column av-9vgux-a516e2d89a860ba8419e52115951c905 av_one_full  avia-builder-el-1  el_after_av_hr  el_before_av_textblock  first flex_column_div  '     ><style type=\"text\/css\" data-created_by=\"avia_inline_auto\" id=\"style-css-av-mdykolor-ee89df83b31ef19b6ead82c884fc1e16\">\n#top .av-special-heading.av-mdykolor-ee89df83b31ef19b6ead82c884fc1e16{\npadding-bottom:10px;\n}\nbody .av-special-heading.av-mdykolor-ee89df83b31ef19b6ead82c884fc1e16 .av-special-heading-tag .heading-char{\nfont-size:25px;\n}\n#top #wrap_all .av-special-heading.av-mdykolor-ee89df83b31ef19b6ead82c884fc1e16 .av-special-heading-tag{\nfont-size:28px;\n}\n.av-special-heading.av-mdykolor-ee89df83b31ef19b6ead82c884fc1e16 .av-subheading{\nfont-size:15px;\n}\n<\/style>\n<div  class='av-special-heading av-mdykolor-ee89df83b31ef19b6ead82c884fc1e16 av-special-heading-h1  avia-builder-el-2  avia-builder-el-no-sibling '><h1 class='av-special-heading-tag '  itemprop=\"headline\"  >General Terms and Conditions<\/h1><div class=\"special-heading-border\"><div class=\"special-heading-inner-border\"><\/div><\/div><\/div><\/div>\n<section  class='av_textblock_section av-maqzu5gz-6db926887d2aa961568c76fa1e2b8667 '   itemscope=\"itemscope\" itemtype=\"https:\/\/schema.org\/CreativeWork\" ><div class='avia_textblock'  itemprop=\"text\" ><h3><\/h3>\n<p>Josef Dreis\u00f6rner &#8211; Photographic &amp; Imaging Art<br \/>\nc\/o Dreis\u00f6rner Werbeagentur GmbH<br \/>\nKaulbachstra\u00dfe 61<br \/>\n80539 Munich<\/p>\n<p>Phone: +49 89 688 67 78<br \/>\nE-mail: shop@josef-dreisoerner.de<\/p>\n<p>&#8220;Josef Dreis\u00f6rner &#8211; Photographic &amp; Imaging Art&#8221; is a brand \/ product of Dreis\u00f6rner Werbeagentur GmbH.<\/p>\n<h4>I. General information<\/h4>\n<p>The General Terms and Conditions for Communication Design Services of Dreis\u00f6rner Werbeagentur GmbH apply, which you can download as a pdf at the bottom of this page.<\/p>\n<p>For &#8220;Josef Dreis\u00f6rner &#8211; Photographic &amp; Imaging Art&#8221;, the General Terms and Conditions listed here also apply. They shall be deemed to have been agreed if they are not objected to immediately. <\/p>\n<p>&#8220;Josef Dreis\u00f6rner &#8211; Photographic &amp; Imaging Art&#8221; is a brand \/ product of Dreis\u00f6rner Werbeagentur GmbH, represented by its managing director Josef Dreis\u00f6rner.<\/p>\n<p>The GTC apply regardless of whether you are a consumer, entrepreneur or merchant. All agreements made between you and Dreis\u00f6rner Werbeagentur GmbH in connection with the purchase contract are based in particular on these contractual terms and conditions, our written order confirmation and our declaration of acceptance. Deviating conditions of the customer are not accepted. This also applies if the inclusion is not expressly contradicted.   <\/p>\n<h4>II Copyright<\/h4>\n<p>Josef Dreis\u00f6rner, managing partner of Dreis\u00f6rner Werbeagentur GmbH, is deemed to be the photographer\/artist or author within the meaning of these GTC.<\/p>\n<p>1. the photographer\/artist is entitled to the copyright to the works in accordance with copyright law.<\/p>\n<p>2. the portrait pictures are subject in particular to the personal rights of the person depicted on them.<\/p>\n<p>3. the works produced by the photographer\/artist are intended solely for the client&#8217;s own use.<\/p>\n<p>4. the copyright to the images remains with Dreis\u00f6rner Werbeagentur GmbH. The images were created for private purposes. Reproduction, commercial use and publication is prohibited. However, rights of use and exploitation may be granted by individual agreement.   <\/p>\n<p>5. the rights of use shall only be transferred after full payment of all claims due to the photographer\/artist from the business relationship.<\/p>\n<p>6. if the photographer\/artist transfers rights of use to his works, only the simple right of use shall be transferred in each case, unless expressly agreed otherwise. Any transfer of rights of use shall require a special agreement. The transfer of rights of use does not include the right to storage and reproduction if this right has not been expressly transferred.  <\/p>\n<p>7. the digitization, storage, electronic modification and reproduction of the photographer&#8217;s\/artist&#8217;s works on data carriers of any kind requires the photographer&#8217;s\/artist&#8217;s prior written consent.<\/p>\n<p>8. unless otherwise agreed, the photographer\/artist shall be named as the author of the work &#8220;Image: Josef Dreis\u00f6rner &#8211; Photographic &amp; Imaging Art&#8221; when the work is used. Any infringement of the right to be named shall entitle the photographer\/artist to compensation. <\/p>\n<p>9 Dreis\u00f6rner Werbeagentur GmbH has the copyright and right of use to all images published and distributed in the online store. The images sold via the online store are only intended for the buyer&#8217;s own use. Reproduction, commercial use and publication is prohibited.  <\/p>\n<h4>III Liability<\/h4>\n<p>1 Dreis\u00f6rner Werbeagentur GmbH shall only be liable for the lightfastness and durability of the works within the scope of the guarantee provided by the manufacturer of the photographic material.<\/p>\n<p>2 Dreis\u00f6rner Werbeagentur GmbH shall be liable to you in all cases of contractual and non-contractual liability in the event of intent and gross negligence in accordance with the statutory provisions for damages or reimbursement of futile expenses.<\/p>\n<p>3. in other cases, Dreis\u00f6rner Werbeagentur GmbH shall only be liable &#8211; unless otherwise provided for in paragraph 3 &#8211; in the event of a breach of a contractual obligation, the fulfillment of which is essential for the proper execution of the contract and on the observance of which you as the customer may regularly rely (so-called cardinal obligation), limited to compensation for foreseeable and typical damage. In all other cases, our liability is excluded, subject to the provision in paragraph 3.   <\/p>\n<p>4 The liability of Dreis\u00f6rner Werbeagentur GmbH for damages arising from injury to life, limb or health and under the Product Liability Act remains unaffected by the above limitations and exclusions of liability.<\/p>\n<h4>IV. Conclusion of contract<\/h4>\n<p>1. the presentation and advertising of items in the online store does not constitute a binding offer to conclude a purchase contract.<\/p>\n<p>2. by submitting an order via the online store by clicking on the &#8220;order with obligation to pay&#8221; button, you are placing a legally binding order. You are bound to the order for a period of two (2) weeks after placing the order; your right to revoke your order, if any, remains unaffected by this. <\/p>\n<p>3. receipt of your order placed via the online store will be confirmed immediately by e-mail. Such an e-mail does not constitute a binding acceptance of the order unless, in addition to the confirmation of receipt, acceptance is also declared. <\/p>\n<p>3. a contract is only concluded when your order is accepted by a declaration of acceptance or by the delivery of the ordered items.<\/p>\n<p>4. if delivery of the goods ordered by you is not possible, for example because the goods in question are not in stock, no declaration of acceptance will be made. In this case, a contract will not be concluded. You will be informed immediately and any consideration already received will be refunded without delay.  <\/p>\n<h4>V. Terms of delivery and reservation of advance payment<\/h4>\n<p>1. partial deliveries are authorized insofar as this is reasonable for you.<\/p>\n<p>2 The delivery time within Germany and the EU is approx. 14 working days, unless otherwise agreed. It begins &#8211; subject to the provision in paragraph 3 &#8211; with the conclusion of the contract. The delivery period for international shipments (outside the EU) is approx. 3 weeks, unless otherwise agreed. It begins &#8211; subject to the provision in para. 3 &#8211; with the conclusion of the contract.     <\/p>\n<p>3. in the case of orders from customers with a place of residence or business abroad or if there are justified indications of a risk of non-payment, we reserve the right to deliver only after receipt of the purchase price plus shipping costs (reservation of prepayment). If we make use of the prepayment reservation, we will inform you immediately. In this case, the delivery period shall commence upon payment of the purchase price and shipping costs.  <\/p>\n<h4>VI Prices and shipping costs<\/h4>\n<p>1. all prices quoted in the online store are gross prices including shipping and statutory VAT.<\/p>\n<p>2. if orders are fulfilled by partial deliveries, you will only incur shipping costs for the first partial delivery. If the partial deliveries are made at your request, we will charge shipping costs for each partial delivery. <\/p>\n<p>3. if you effectively revoke your contractual declaration, you shall bear the return shipping costs in accordance with the statutory requirements. The goods must only be sent in their original packaging. <\/p>\n<p>4. the customer shall bear the customs duties and handling costs in customs clearance for shipments outside the EU. Dreis\u00f6rner Werbeagentur GmbH is not responsible for delays caused by customs and shipping service providers.<\/p>\n<h4>VII Terms of payment, offsetting, right of retention<\/h4>\n<p>1. the purchase price and shipping costs must be paid within two (2) weeks of receipt of our invoice at the latest.<\/p>\n<p>2. you can pay the purchase price and the shipping costs according to your choice only with the payment methods offered by us.<\/p>\n<p>3. you are not entitled to offset against our claims unless your counterclaims have been legally established or are undisputed. You are also not entitled to offset against our claims if you assert notices of defects or counterclaims arising from the same purchase contract. <\/p>\n<p>4. as the buyer, you may only exercise a right of retention if your counterclaim arises from the same purchase contract.<\/p>\n<h4>VIII Retention of title<\/h4>\n<p>The delivered goods remain the property of Dreis\u00f6rner Werbeagentur GmbH until the purchase price has been paid in full.<\/p>\n<h4>IX. Warranty<\/h4>\n<p>1. we shall be liable for material defects or defects of title of delivered items in accordance with the applicable statutory provisions, in particular \u00a7\u00a7 434 et seq. BGB. The limitation period for statutory claims for defects is two years and begins with the delivery of the goods. <\/p>\n<p>2. any seller&#8217;s warranties given for certain articles or manufacturer&#8217;s warranties granted by the manufacturers of certain articles shall apply in addition to the claims due to material defects or defects of title within the meaning of para. 1. details of the scope of such warranties are set out in the warranty conditions which may be enclosed with the articles. <\/p>\n<h4>X. References<\/h4>\n<p>1. the photographer\/artist is entitled to use the works for publicity purposes for illustration (e.g. for shop windows, exhibitions, homepage, blog, press articles, social media, etc.).<\/p>\n<p>2. the client expressly agrees to be named as a reference.<\/p>\n<p>3. the photographer\/artist may publish and display the work on the website and social media platforms (e.g. Instagram) of &#8220;Josef Dreis\u00f6rner &#8211; Photographic &amp; Imaging Art&#8221; for the purposes of self-promotion.<\/p>\n<p>4. if the client does not wish to be named as a reference, this must be stated before the order is placed.<\/p>\n<p>5. if the client does not want his produced image to be shown on the Internet pages, etc., this must also be stated before the order is placed.<\/p>\n<h4>XI. Applicable law and place of jurisdiction<\/h4>\n<p>1. the law of the Federal Republic of Germany shall apply to the exclusion of the UN Convention on Contracts for the International Sale of Goods. If you have placed the order as a consumer and have your habitual residence in another country at the time of your order, the application of mandatory legal provisions of this country shall remain unaffected by the choice of law made in sentence 1. <\/p>\n<p>2. if you are a merchant and have your registered office in Germany at the time of the order, the exclusive place of jurisdiction is the registered office of the seller. Otherwise, the applicable statutory provisions shall apply to local and international jurisdiction. <\/p>\n<p>3. the place of jurisdiction is Munich, in the Federal Republic of Germany<\/p>\n\n<style type=\"text\/css\" data-created_by=\"avia_inline_auto\" id=\"style-css-av-yrtu-84a7a0b49dbbdde7f5edef5e19504f2b\">\n#top .hr.hr-invisible.av-yrtu-84a7a0b49dbbdde7f5edef5e19504f2b{\nheight:30px;\n}\n<\/style>\n<div  class='hr av-yrtu-84a7a0b49dbbdde7f5edef5e19504f2b hr-invisible  avia-builder-el-4  avia-builder-el-no-sibling '><span class='hr-inner '><span class=\"hr-inner-style\"><\/span><\/span><\/div>\n<p>Downlod pdf<\/p>\n<p><a href=\"https:\/\/josef-dreisoerner.de\/wp-content\/uploads\/2019\/07\/agb_dreisoerner_werbeagentur.pdf\" target=\"_blank\" rel=\"noopener\">agb_dreisoerner_advertising_agency<\/a><br \/>\n<br class=\"avia-permanent-lb\"><\/p>\n<\/div><\/section>\n","protected":false},"excerpt":{"rendered":"","protected":false},"author":1,"featured_media":0,"parent":0,"menu_order":0,"comment_status":"closed","ping_status":"closed","template":"","meta":{"footnotes":""},"class_list":["post-8479","page","type-page","status-publish","hentry"],"yoast_head":"<!-- This site is optimized with the Yoast SEO plugin v27.3 - https:\/\/yoast.com\/product\/yoast-seo-wordpress\/ -->\n<title>GTC - Josef Dreis\u00f6rner Photographic &amp; Imaging Art<\/title>\n<meta name=\"description\" content=\"General Terms and Conditions of the website josef-dreisoerner.de - Josef Dreis\u00f6rner Photographic &amp; Imaging Art, photo art in Munich\" \/>\n<meta name=\"robots\" content=\"index, follow, max-snippet:-1, max-image-preview:large, max-video-preview:-1\" \/>\n<link rel=\"canonical\" href=\"https:\/\/josef-dreisoerner.de\/en\/gtc\/\" \/>\n<meta property=\"og:locale\" content=\"en_US\" \/>\n<meta property=\"og:type\" content=\"article\" \/>\n<meta property=\"og:title\" content=\"GTC - Josef Dreis\u00f6rner Photographic &amp; Imaging Art\" \/>\n<meta property=\"og:description\" content=\"General Terms and Conditions of the website josef-dreisoerner.de - Josef Dreis\u00f6rner Photographic &amp; Imaging Art, photo art in Munich\" \/>\n<meta property=\"og:url\" content=\"https:\/\/josef-dreisoerner.de\/en\/gtc\/\" \/>\n<meta property=\"og:site_name\" content=\"Josef Dreis\u00f6rner Photographic &amp; Imaging Art\" \/>\n<meta property=\"article:publisher\" content=\"https:\/\/www.facebook.com\/josefdreisoerner\" \/>\n<meta property=\"article:modified_time\" content=\"2025-09-03T13:29:11+00:00\" \/>\n<meta name=\"twitter:card\" content=\"summary_large_image\" \/>\n<meta name=\"twitter:label1\" content=\"Est. reading time\" \/>\n\t<meta name=\"twitter:data1\" content=\"13 minutes\" \/>\n<script type=\"application\/ld+json\" class=\"yoast-schema-graph\">{\"@context\":\"https:\\\/\\\/schema.org\",\"@graph\":[{\"@type\":\"WebPage\",\"@id\":\"https:\\\/\\\/josef-dreisoerner.de\\\/en\\\/gtc\\\/\",\"url\":\"https:\\\/\\\/josef-dreisoerner.de\\\/en\\\/gtc\\\/\",\"name\":\"GTC - Josef Dreis\u00f6rner Photographic &amp; Imaging Art\",\"isPartOf\":{\"@id\":\"https:\\\/\\\/josef-dreisoerner.de\\\/en\\\/#website\"},\"datePublished\":\"2025-08-11T15:23:32+00:00\",\"dateModified\":\"2025-09-03T13:29:11+00:00\",\"description\":\"General Terms and Conditions of the website josef-dreisoerner.de - Josef Dreis\u00f6rner Photographic & Imaging Art, photo art in Munich\",\"breadcrumb\":{\"@id\":\"https:\\\/\\\/josef-dreisoerner.de\\\/en\\\/gtc\\\/#breadcrumb\"},\"inLanguage\":\"en-US\",\"potentialAction\":[{\"@type\":\"ReadAction\",\"target\":[\"https:\\\/\\\/josef-dreisoerner.de\\\/en\\\/gtc\\\/\"]}]},{\"@type\":\"BreadcrumbList\",\"@id\":\"https:\\\/\\\/josef-dreisoerner.de\\\/en\\\/gtc\\\/#breadcrumb\",\"itemListElement\":[{\"@type\":\"ListItem\",\"position\":1,\"name\":\"Startseite\",\"item\":\"https:\\\/\\\/josef-dreisoerner.de\\\/en\\\/josef-dreisoerner-analog-fine-art-photography-ai-and-digital-photo-art\\\/\"},{\"@type\":\"ListItem\",\"position\":2,\"name\":\"GTC\"}]},{\"@type\":\"WebSite\",\"@id\":\"https:\\\/\\\/josef-dreisoerner.de\\\/en\\\/#website\",\"url\":\"https:\\\/\\\/josef-dreisoerner.de\\\/en\\\/\",\"name\":\"Josef Dreis\u00f6rner Photographic Art\",\"description\":\"Analoge, Gro\u00dfformat, Schwarzwei\u00df-Fotografien \\\/ KI &amp; Digital Imaging\",\"publisher\":{\"@id\":\"https:\\\/\\\/josef-dreisoerner.de\\\/en\\\/#organization\"},\"potentialAction\":[{\"@type\":\"SearchAction\",\"target\":{\"@type\":\"EntryPoint\",\"urlTemplate\":\"https:\\\/\\\/josef-dreisoerner.de\\\/en\\\/?s={search_term_string}\"},\"query-input\":{\"@type\":\"PropertyValueSpecification\",\"valueRequired\":true,\"valueName\":\"search_term_string\"}}],\"inLanguage\":\"en-US\"},{\"@type\":\"Organization\",\"@id\":\"https:\\\/\\\/josef-dreisoerner.de\\\/en\\\/#organization\",\"name\":\"Josef Dreis\u00f6rner\",\"url\":\"https:\\\/\\\/josef-dreisoerner.de\\\/en\\\/\",\"logo\":{\"@type\":\"ImageObject\",\"inLanguage\":\"en-US\",\"@id\":\"https:\\\/\\\/josef-dreisoerner.de\\\/en\\\/#\\\/schema\\\/logo\\\/image\\\/\",\"url\":\"https:\\\/\\\/josef-dreisoerner.de\\\/wp-content\\\/uploads\\\/2025\\\/05\\\/websiteicon-jd-art.gif\",\"contentUrl\":\"https:\\\/\\\/josef-dreisoerner.de\\\/wp-content\\\/uploads\\\/2025\\\/05\\\/websiteicon-jd-art.gif\",\"width\":512,\"height\":512,\"caption\":\"Josef Dreis\u00f6rner\"},\"image\":{\"@id\":\"https:\\\/\\\/josef-dreisoerner.de\\\/en\\\/#\\\/schema\\\/logo\\\/image\\\/\"},\"sameAs\":[\"https:\\\/\\\/www.facebook.com\\\/josefdreisoerner\",\"https:\\\/\\\/www.instagram.com\\\/josef_dreisoerner\"]}]}<\/script>\n<!-- \/ Yoast SEO plugin. -->","yoast_head_json":{"title":"GTC - Josef Dreis\u00f6rner Photographic &amp; Imaging Art","description":"General Terms and Conditions of the website josef-dreisoerner.de - Josef Dreis\u00f6rner Photographic & Imaging Art, photo art in Munich","robots":{"index":"index","follow":"follow","max-snippet":"max-snippet:-1","max-image-preview":"max-image-preview:large","max-video-preview":"max-video-preview:-1"},"canonical":"https:\/\/josef-dreisoerner.de\/en\/gtc\/","og_locale":"en_US","og_type":"article","og_title":"GTC - Josef Dreis\u00f6rner Photographic &amp; Imaging Art","og_description":"General Terms and Conditions of the website josef-dreisoerner.de - Josef Dreis\u00f6rner Photographic & Imaging Art, photo art in Munich","og_url":"https:\/\/josef-dreisoerner.de\/en\/gtc\/","og_site_name":"Josef Dreis\u00f6rner Photographic &amp; Imaging Art","article_publisher":"https:\/\/www.facebook.com\/josefdreisoerner","article_modified_time":"2025-09-03T13:29:11+00:00","twitter_card":"summary_large_image","twitter_misc":{"Est. reading time":"13 minutes"},"schema":{"@context":"https:\/\/schema.org","@graph":[{"@type":"WebPage","@id":"https:\/\/josef-dreisoerner.de\/en\/gtc\/","url":"https:\/\/josef-dreisoerner.de\/en\/gtc\/","name":"GTC - Josef Dreis\u00f6rner Photographic &amp; Imaging Art","isPartOf":{"@id":"https:\/\/josef-dreisoerner.de\/en\/#website"},"datePublished":"2025-08-11T15:23:32+00:00","dateModified":"2025-09-03T13:29:11+00:00","description":"General Terms and Conditions of the website josef-dreisoerner.de - Josef Dreis\u00f6rner Photographic & Imaging Art, photo art in Munich","breadcrumb":{"@id":"https:\/\/josef-dreisoerner.de\/en\/gtc\/#breadcrumb"},"inLanguage":"en-US","potentialAction":[{"@type":"ReadAction","target":["https:\/\/josef-dreisoerner.de\/en\/gtc\/"]}]},{"@type":"BreadcrumbList","@id":"https:\/\/josef-dreisoerner.de\/en\/gtc\/#breadcrumb","itemListElement":[{"@type":"ListItem","position":1,"name":"Startseite","item":"https:\/\/josef-dreisoerner.de\/en\/josef-dreisoerner-analog-fine-art-photography-ai-and-digital-photo-art\/"},{"@type":"ListItem","position":2,"name":"GTC"}]},{"@type":"WebSite","@id":"https:\/\/josef-dreisoerner.de\/en\/#website","url":"https:\/\/josef-dreisoerner.de\/en\/","name":"Josef Dreis\u00f6rner Photographic Art","description":"Analoge, Gro\u00dfformat, Schwarzwei\u00df-Fotografien \/ KI &amp; Digital Imaging","publisher":{"@id":"https:\/\/josef-dreisoerner.de\/en\/#organization"},"potentialAction":[{"@type":"SearchAction","target":{"@type":"EntryPoint","urlTemplate":"https:\/\/josef-dreisoerner.de\/en\/?s={search_term_string}"},"query-input":{"@type":"PropertyValueSpecification","valueRequired":true,"valueName":"search_term_string"}}],"inLanguage":"en-US"},{"@type":"Organization","@id":"https:\/\/josef-dreisoerner.de\/en\/#organization","name":"Josef Dreis\u00f6rner","url":"https:\/\/josef-dreisoerner.de\/en\/","logo":{"@type":"ImageObject","inLanguage":"en-US","@id":"https:\/\/josef-dreisoerner.de\/en\/#\/schema\/logo\/image\/","url":"https:\/\/josef-dreisoerner.de\/wp-content\/uploads\/2025\/05\/websiteicon-jd-art.gif","contentUrl":"https:\/\/josef-dreisoerner.de\/wp-content\/uploads\/2025\/05\/websiteicon-jd-art.gif","width":512,"height":512,"caption":"Josef Dreis\u00f6rner"},"image":{"@id":"https:\/\/josef-dreisoerner.de\/en\/#\/schema\/logo\/image\/"},"sameAs":["https:\/\/www.facebook.com\/josefdreisoerner","https:\/\/www.instagram.com\/josef_dreisoerner"]}]}},"_links":{"self":[{"href":"https:\/\/josef-dreisoerner.de\/en\/wp-json\/wp\/v2\/pages\/8479","targetHints":{"allow":["GET"]}}],"collection":[{"href":"https:\/\/josef-dreisoerner.de\/en\/wp-json\/wp\/v2\/pages"}],"about":[{"href":"https:\/\/josef-dreisoerner.de\/en\/wp-json\/wp\/v2\/types\/page"}],"author":[{"embeddable":true,"href":"https:\/\/josef-dreisoerner.de\/en\/wp-json\/wp\/v2\/users\/1"}],"replies":[{"embeddable":true,"href":"https:\/\/josef-dreisoerner.de\/en\/wp-json\/wp\/v2\/comments?post=8479"}],"version-history":[{"count":0,"href":"https:\/\/josef-dreisoerner.de\/en\/wp-json\/wp\/v2\/pages\/8479\/revisions"}],"wp:attachment":[{"href":"https:\/\/josef-dreisoerner.de\/en\/wp-json\/wp\/v2\/media?parent=8479"}],"curies":[{"name":"wp","href":"https:\/\/api.w.org\/{rel}","templated":true}]}}