{"id":8480,"date":"2025-08-11T17:23:33","date_gmt":"2025-08-11T15:23:33","guid":{"rendered":"https:\/\/shop.josef-dreisoerner.de\/imprint\/"},"modified":"2025-08-12T14:11:55","modified_gmt":"2025-08-12T12:11:55","slug":"imprint","status":"publish","type":"page","link":"https:\/\/josef-dreisoerner.de\/en\/imprint\/","title":{"rendered":"Imprint"},"content":{"rendered":"\n<style type=\"text\/css\" data-created_by=\"avia_inline_auto\" id=\"style-css-av-mdykv6mb-bab95c0e1612649eda4ed1a8a13e6c11\">\n#top .hr.hr-invisible.av-mdykv6mb-bab95c0e1612649eda4ed1a8a13e6c11{\nheight:40px;\n}\n<\/style>\n<div  class='hr av-mdykv6mb-bab95c0e1612649eda4ed1a8a13e6c11 hr-invisible  avia-builder-el-0  el_before_av_one_full  avia-builder-el-first  av-desktop-hide av-medium-hide'><span class='hr-inner '><span class=\"hr-inner-style\"><\/span><\/span><\/div>\n<div  class='flex_column av-a3sr4-81f969919c6a79e6b42a10368df24a2d av_one_full  avia-builder-el-1  el_after_av_hr  el_before_av_textblock  first flex_column_div  '     ><style type=\"text\/css\" data-created_by=\"avia_inline_auto\" id=\"style-css-av-mdykthf0-63bf6e275fa7d060281895ab72b6c581\">\n#top .av-special-heading.av-mdykthf0-63bf6e275fa7d060281895ab72b6c581{\npadding-bottom:10px;\n}\nbody .av-special-heading.av-mdykthf0-63bf6e275fa7d060281895ab72b6c581 .av-special-heading-tag .heading-char{\nfont-size:25px;\n}\n#top #wrap_all .av-special-heading.av-mdykthf0-63bf6e275fa7d060281895ab72b6c581 .av-special-heading-tag{\nfont-size:28px;\n}\n.av-special-heading.av-mdykthf0-63bf6e275fa7d060281895ab72b6c581 .av-subheading{\nfont-size:15px;\n}\n<\/style>\n<div  class='av-special-heading av-mdykthf0-63bf6e275fa7d060281895ab72b6c581 av-special-heading-h1  avia-builder-el-2  avia-builder-el-no-sibling '><h1 class='av-special-heading-tag '  itemprop=\"headline\"  >Imprint<\/h1><div class=\"special-heading-border\"><div class=\"special-heading-inner-border\"><\/div><\/div><\/div><\/div>\n<section  class='av_textblock_section av-jxom2t5a-90a9035daebeb9d74e41460261ae9322 '   itemscope=\"itemscope\" itemtype=\"https:\/\/schema.org\/CreativeWork\" ><div class='avia_textblock'  itemprop=\"text\" ><p>Information according to \u00a7 5 TMG:<\/p>\n<h5>Josef Dreis\u00f6rner &#8211; Photographic &amp; Imaging Art<br \/>\n<br class=\"avia-permanent-lb\">c\/o Dreis\u00f6rner Werbeagentur GmbH<\/h5>\n<p>Kaulbachstrasse 61<br \/>\n80539 Munich<\/p>\n<p>Represented by the managing director:<br \/>\nJosef Dreis\u00f6rner<\/p>\n<p>&#8220;Josef Dreis\u00f6rner &#8211; Photographic &amp; Imaging Art&#8221; is a brand \/ product of Dreis\u00f6rner Werbeagentur GmbH, represented by its managing director Josef Dreis\u00f6rner.<\/p>\n<h5>Contact:<\/h5>\n<p>Phone: +49 89 688 67 78<br \/>\nFax: +49 89 44 49 92 56<br \/>\nE-mail: info@dreisoerner.com<\/p>\n<h5>Register entry:<\/h5>\n<p>Entry in the commercial register.<br \/>\nRegister court:Munich<br \/>\nRegister number: HRB 182588<\/p>\n<h5>Sales tax ID:<\/h5>\n<p>Sales tax identification number according to \u00a727 a sales tax law: DE268403626<\/p>\n<p>\u00a9 2025 All rights reserved. Reproduction, even in part, only with permission. Information in our articles without guarantee!  <\/p>\n<p>No warning without prior contact.<\/p>\n<h5>Exclusion of liability (disclaimer)<\/h5>\n<p><span style=\"color: #ffffff;\">.<\/span><\/p>\n<h5>Liability for content<\/h5>\n<p>As a service provider, we are responsible for our own content on these pages in accordance with Section 7 (1) TMG (German Telemedia Act) and general legislation. According to \u00a7\u00a7 8 to 10 TMG, however, we as a service provider are not obliged to monitor transmitted or stored third-party information or to investigate circumstances that indicate illegal activity. Obligations to remove or block the use of information in accordance with general legislation remain unaffected by this. However, liability in this respect is only possible from the time of knowledge of a specific infringement. As soon as we become aware of such infringements, we will remove this content immediately.     <\/p>\n<h5>Liability for links<\/h5>\n<p>Our website contains links to external third-party websites over whose content we have no influence. Therefore, we cannot accept any liability for this third-party content. The respective provider or operator of the pages is always responsible for the content of the linked pages. The linked pages were checked for possible legal violations at the time of linking. Illegal content was not recognizable at the time of linking. However, permanent monitoring of the content of the linked pages is not reasonable without concrete evidence of an infringement. If we become aware of any legal infringements, we will remove such links immediately.      <\/p>\n<h5>Copyright<\/h5>\n<p>The content and works created by the site operators on these pages are subject to German copyright law. Duplication, processing, distribution and any form of commercialization of such material beyond the scope of the copyright law shall require the prior written consent of its respective author or creator. Downloads and copies of this site are only permitted for private, non-commercial use. Insofar as the content on this site was not created by the operator, the copyrights of third parties are respected. In particular, third-party content is identified as such. Should you nevertheless become aware of a copyright infringement, please inform us accordingly. If we become aware of any infringements, we will remove such content immediately.<\/p>\n<\/div><\/section>\n","protected":false},"excerpt":{"rendered":"","protected":false},"author":1,"featured_media":0,"parent":0,"menu_order":0,"comment_status":"closed","ping_status":"closed","template":"","meta":{"footnotes":""},"class_list":["post-8480","page","type-page","status-publish","hentry"],"yoast_head":"<!-- This site is optimized with the Yoast SEO plugin v27.3 - https:\/\/yoast.com\/product\/yoast-seo-wordpress\/ -->\n<title>Imprint Art Gallery and Studio Josef Dreis\u00f6rner<\/title>\n<meta name=\"description\" content=\"Fine art still life, analog unique black and white portraits, photo and AI art. Artist in Munich Schwabing.\" \/>\n<meta name=\"robots\" content=\"index, follow, max-snippet:-1, max-image-preview:large, max-video-preview:-1\" \/>\n<link rel=\"canonical\" href=\"https:\/\/josef-dreisoerner.de\/en\/imprint\/\" \/>\n<meta property=\"og:locale\" content=\"en_US\" \/>\n<meta property=\"og:type\" content=\"article\" \/>\n<meta property=\"og:title\" content=\"Imprint Art Gallery and Studio Josef Dreis\u00f6rner\" \/>\n<meta property=\"og:description\" content=\"Fine art still life, analog unique black and white portraits, photo and AI art. Artist in Munich Schwabing.\" \/>\n<meta property=\"og:url\" content=\"https:\/\/josef-dreisoerner.de\/en\/imprint\/\" \/>\n<meta property=\"og:site_name\" content=\"Josef Dreis\u00f6rner Photographic &amp; Imaging Art\" \/>\n<meta property=\"article:publisher\" content=\"https:\/\/www.facebook.com\/josefdreisoerner\" \/>\n<meta property=\"article:modified_time\" content=\"2025-08-12T12:11:55+00:00\" \/>\n<meta name=\"twitter:card\" content=\"summary_large_image\" \/>\n<meta name=\"twitter:label1\" content=\"Est. reading time\" \/>\n\t<meta name=\"twitter:data1\" content=\"6 minutes\" \/>\n<script type=\"application\/ld+json\" class=\"yoast-schema-graph\">{\"@context\":\"https:\\\/\\\/schema.org\",\"@graph\":[{\"@type\":\"WebPage\",\"@id\":\"https:\\\/\\\/josef-dreisoerner.de\\\/en\\\/imprint\\\/\",\"url\":\"https:\\\/\\\/josef-dreisoerner.de\\\/en\\\/imprint\\\/\",\"name\":\"Imprint Art Gallery and Studio Josef Dreis\u00f6rner\",\"isPartOf\":{\"@id\":\"https:\\\/\\\/josef-dreisoerner.de\\\/en\\\/#website\"},\"datePublished\":\"2025-08-11T15:23:33+00:00\",\"dateModified\":\"2025-08-12T12:11:55+00:00\",\"description\":\"Fine art still life, analog unique black and white portraits, photo and AI art. Artist in Munich Schwabing.\",\"breadcrumb\":{\"@id\":\"https:\\\/\\\/josef-dreisoerner.de\\\/en\\\/imprint\\\/#breadcrumb\"},\"inLanguage\":\"en-US\",\"potentialAction\":[{\"@type\":\"ReadAction\",\"target\":[\"https:\\\/\\\/josef-dreisoerner.de\\\/en\\\/imprint\\\/\"]}]},{\"@type\":\"BreadcrumbList\",\"@id\":\"https:\\\/\\\/josef-dreisoerner.de\\\/en\\\/imprint\\\/#breadcrumb\",\"itemListElement\":[{\"@type\":\"ListItem\",\"position\":1,\"name\":\"Startseite\",\"item\":\"https:\\\/\\\/josef-dreisoerner.de\\\/en\\\/josef-dreisoerner-analog-fine-art-photography-ai-and-digital-photo-art\\\/\"},{\"@type\":\"ListItem\",\"position\":2,\"name\":\"Imprint\"}]},{\"@type\":\"WebSite\",\"@id\":\"https:\\\/\\\/josef-dreisoerner.de\\\/en\\\/#website\",\"url\":\"https:\\\/\\\/josef-dreisoerner.de\\\/en\\\/\",\"name\":\"Josef Dreis\u00f6rner Photographic Art\",\"description\":\"Analoge, Gro\u00dfformat, Schwarzwei\u00df-Fotografien \\\/ KI &amp; Digital Imaging\",\"publisher\":{\"@id\":\"https:\\\/\\\/josef-dreisoerner.de\\\/en\\\/#organization\"},\"potentialAction\":[{\"@type\":\"SearchAction\",\"target\":{\"@type\":\"EntryPoint\",\"urlTemplate\":\"https:\\\/\\\/josef-dreisoerner.de\\\/en\\\/?s={search_term_string}\"},\"query-input\":{\"@type\":\"PropertyValueSpecification\",\"valueRequired\":true,\"valueName\":\"search_term_string\"}}],\"inLanguage\":\"en-US\"},{\"@type\":\"Organization\",\"@id\":\"https:\\\/\\\/josef-dreisoerner.de\\\/en\\\/#organization\",\"name\":\"Josef Dreis\u00f6rner\",\"url\":\"https:\\\/\\\/josef-dreisoerner.de\\\/en\\\/\",\"logo\":{\"@type\":\"ImageObject\",\"inLanguage\":\"en-US\",\"@id\":\"https:\\\/\\\/josef-dreisoerner.de\\\/en\\\/#\\\/schema\\\/logo\\\/image\\\/\",\"url\":\"https:\\\/\\\/josef-dreisoerner.de\\\/wp-content\\\/uploads\\\/2025\\\/05\\\/websiteicon-jd-art.gif\",\"contentUrl\":\"https:\\\/\\\/josef-dreisoerner.de\\\/wp-content\\\/uploads\\\/2025\\\/05\\\/websiteicon-jd-art.gif\",\"width\":512,\"height\":512,\"caption\":\"Josef Dreis\u00f6rner\"},\"image\":{\"@id\":\"https:\\\/\\\/josef-dreisoerner.de\\\/en\\\/#\\\/schema\\\/logo\\\/image\\\/\"},\"sameAs\":[\"https:\\\/\\\/www.facebook.com\\\/josefdreisoerner\",\"https:\\\/\\\/www.instagram.com\\\/josef_dreisoerner\"]}]}<\/script>\n<!-- \/ Yoast SEO plugin. -->","yoast_head_json":{"title":"Imprint Art Gallery and Studio Josef Dreis\u00f6rner","description":"Fine art still life, analog unique black and white portraits, photo and AI art. Artist in Munich Schwabing.","robots":{"index":"index","follow":"follow","max-snippet":"max-snippet:-1","max-image-preview":"max-image-preview:large","max-video-preview":"max-video-preview:-1"},"canonical":"https:\/\/josef-dreisoerner.de\/en\/imprint\/","og_locale":"en_US","og_type":"article","og_title":"Imprint Art Gallery and Studio Josef Dreis\u00f6rner","og_description":"Fine art still life, analog unique black and white portraits, photo and AI art. Artist in Munich Schwabing.","og_url":"https:\/\/josef-dreisoerner.de\/en\/imprint\/","og_site_name":"Josef Dreis\u00f6rner Photographic &amp; Imaging Art","article_publisher":"https:\/\/www.facebook.com\/josefdreisoerner","article_modified_time":"2025-08-12T12:11:55+00:00","twitter_card":"summary_large_image","twitter_misc":{"Est. reading time":"6 minutes"},"schema":{"@context":"https:\/\/schema.org","@graph":[{"@type":"WebPage","@id":"https:\/\/josef-dreisoerner.de\/en\/imprint\/","url":"https:\/\/josef-dreisoerner.de\/en\/imprint\/","name":"Imprint Art Gallery and Studio Josef Dreis\u00f6rner","isPartOf":{"@id":"https:\/\/josef-dreisoerner.de\/en\/#website"},"datePublished":"2025-08-11T15:23:33+00:00","dateModified":"2025-08-12T12:11:55+00:00","description":"Fine art still life, analog unique black and white portraits, photo and AI art. Artist in Munich Schwabing.","breadcrumb":{"@id":"https:\/\/josef-dreisoerner.de\/en\/imprint\/#breadcrumb"},"inLanguage":"en-US","potentialAction":[{"@type":"ReadAction","target":["https:\/\/josef-dreisoerner.de\/en\/imprint\/"]}]},{"@type":"BreadcrumbList","@id":"https:\/\/josef-dreisoerner.de\/en\/imprint\/#breadcrumb","itemListElement":[{"@type":"ListItem","position":1,"name":"Startseite","item":"https:\/\/josef-dreisoerner.de\/en\/josef-dreisoerner-analog-fine-art-photography-ai-and-digital-photo-art\/"},{"@type":"ListItem","position":2,"name":"Imprint"}]},{"@type":"WebSite","@id":"https:\/\/josef-dreisoerner.de\/en\/#website","url":"https:\/\/josef-dreisoerner.de\/en\/","name":"Josef Dreis\u00f6rner Photographic Art","description":"Analoge, Gro\u00dfformat, Schwarzwei\u00df-Fotografien \/ KI &amp; Digital Imaging","publisher":{"@id":"https:\/\/josef-dreisoerner.de\/en\/#organization"},"potentialAction":[{"@type":"SearchAction","target":{"@type":"EntryPoint","urlTemplate":"https:\/\/josef-dreisoerner.de\/en\/?s={search_term_string}"},"query-input":{"@type":"PropertyValueSpecification","valueRequired":true,"valueName":"search_term_string"}}],"inLanguage":"en-US"},{"@type":"Organization","@id":"https:\/\/josef-dreisoerner.de\/en\/#organization","name":"Josef Dreis\u00f6rner","url":"https:\/\/josef-dreisoerner.de\/en\/","logo":{"@type":"ImageObject","inLanguage":"en-US","@id":"https:\/\/josef-dreisoerner.de\/en\/#\/schema\/logo\/image\/","url":"https:\/\/josef-dreisoerner.de\/wp-content\/uploads\/2025\/05\/websiteicon-jd-art.gif","contentUrl":"https:\/\/josef-dreisoerner.de\/wp-content\/uploads\/2025\/05\/websiteicon-jd-art.gif","width":512,"height":512,"caption":"Josef Dreis\u00f6rner"},"image":{"@id":"https:\/\/josef-dreisoerner.de\/en\/#\/schema\/logo\/image\/"},"sameAs":["https:\/\/www.facebook.com\/josefdreisoerner","https:\/\/www.instagram.com\/josef_dreisoerner"]}]}},"_links":{"self":[{"href":"https:\/\/josef-dreisoerner.de\/en\/wp-json\/wp\/v2\/pages\/8480","targetHints":{"allow":["GET"]}}],"collection":[{"href":"https:\/\/josef-dreisoerner.de\/en\/wp-json\/wp\/v2\/pages"}],"about":[{"href":"https:\/\/josef-dreisoerner.de\/en\/wp-json\/wp\/v2\/types\/page"}],"author":[{"embeddable":true,"href":"https:\/\/josef-dreisoerner.de\/en\/wp-json\/wp\/v2\/users\/1"}],"replies":[{"embeddable":true,"href":"https:\/\/josef-dreisoerner.de\/en\/wp-json\/wp\/v2\/comments?post=8480"}],"version-history":[{"count":0,"href":"https:\/\/josef-dreisoerner.de\/en\/wp-json\/wp\/v2\/pages\/8480\/revisions"}],"wp:attachment":[{"href":"https:\/\/josef-dreisoerner.de\/en\/wp-json\/wp\/v2\/media?parent=8480"}],"curies":[{"name":"wp","href":"https:\/\/api.w.org\/{rel}","templated":true}]}}