{"id":10086,"date":"2025-09-29T13:18:15","date_gmt":"2025-09-29T11:18:15","guid":{"rendered":"https:\/\/josef-dreisoerner.de\/produkt\/voucher-for-a-klimsch-unique-close-up-portrait-2\/"},"modified":"2025-09-29T15:39:37","modified_gmt":"2025-09-29T13:39:37","slug":"voucher-for-a-klimsch-unique-close-up-portrait-2","status":"publish","type":"product","link":"https:\/\/josef-dreisoerner.de\/en\/produkt\/voucher-for-a-klimsch-unique-close-up-portrait-2\/","title":{"rendered":"Voucher for a Klimsch Unique Close-up Portrait"},"content":{"rendered":"<h3>The Klimsch Unique Close-up Portrait<\/h3>\n<p>Josef Dreis\u00f6rner&#8217;s analogue black and white photographs allow him to capture far more than any color photograph &#8211; above all the human face &#8211; with strong authenticity. His Klimsch Unikat Close-up Portraits create unique, visually and psychologically precise insights into the human face &#8211; an aesthetic that initially alienates the viewer, but is precisely intended in the consistency of its depiction. These human faces are unadorned, direct and truthful. Josef Dreis\u00f6rner&#8217;s portraits are a consistent alternative to the arbitrary images of people that have been passed through countless filters and presets, produced and shared millions of times a day, in which every mistake has been corrected and every desired aesthetic result has been produced retrospectively.   <\/p>\n<p>This is an absolutely honest type of photography, in which nothing is embellished or retouched. Every wrinkle, every age spot remains visible. This type of analog one-to-one photography on a special black-and-white positive photo paper is only for people who can see and bear themselves as they are. The process has the property of making a person more visible as a personality. This direct, genuine and authentic photography is not suitable for people who can only tolerate a beautiful appearance of themselves.    <\/p>\n","protected":false},"excerpt":{"rendered":"<p>Analog portrait photographed with the Klimsch Reproduction-Camera on a 50\u00d760 cm special black and white positive photo paper &#8211; without the detour via a negative. The direct exposure on the photographic paper makes each shot unique. <\/p>\n<p>&#8211; Picture format without frame: 50\u00d760 cm,<br \/>\n&#8211; Framed picture format: 60\u00d780 cm; aluminum frame with real wood veneer in anthracite (frame profile 5 mm), passe-partout in white and museum glass<\/p>\n<p>The portrait session lasts approximately one hour. Four photos are taken from which you can then choose the best one. After the portrait session, the picture is developed by hand in the photo lab, so you can&#8217;t take it with you straight away. However, the portrait will be ready for collection after 3 to 5 working days.   Unfortunately, for technical reasons, only individual portraits are possible.<\/p>\n<p>All prices include the statutory VAT.<\/p>\n","protected":false},"featured_media":5219,"template":"","meta":[],"product_brand":[],"product_cat":[95],"product_tag":[],"class_list":{"0":"post-10086","1":"product","2":"type-product","3":"status-publish","4":"has-post-thumbnail","6":"product_cat-show-all-pictures","8":"first","9":"instock","10":"sold-individually","11":"taxable","12":"shipping-taxable","13":"purchasable","14":"product-type-variable"},"yoast_head":"<!-- This site is optimized with the Yoast SEO plugin v27.5 - https:\/\/yoast.com\/product\/yoast-seo-wordpress\/ -->\n<title>Voucher for a Klimsch Unique Close-up Portrait - Josef Dreis\u00f6rner Photographic &amp; Imaging Art<\/title>\n<meta name=\"description\" content=\"Analog portrait photography with a Klimsch reproduction camera (built in 1958) directly onto black and white photographic paper. Photo format 50x60 cm. Each picture is unique!\" \/>\n<meta name=\"robots\" content=\"index, follow, max-snippet:-1, max-image-preview:large, max-video-preview:-1\" \/>\n<link rel=\"canonical\" href=\"https:\/\/josef-dreisoerner.de\/en\/produkt\/voucher-for-a-klimsch-unique-close-up-portrait-2\/\" \/>\n<meta property=\"og:locale\" content=\"en_US\" \/>\n<meta property=\"og:type\" content=\"article\" \/>\n<meta property=\"og:title\" content=\"Voucher for a Klimsch Unique Close-up Portrait - Josef Dreis\u00f6rner Photographic &amp; Imaging Art\" \/>\n<meta property=\"og:description\" content=\"Analog portrait photography with a Klimsch reproduction camera (built in 1958) directly onto black and white photographic paper. Photo format 50x60 cm. Each picture is unique!\" \/>\n<meta property=\"og:url\" content=\"https:\/\/josef-dreisoerner.de\/en\/produkt\/voucher-for-a-klimsch-unique-close-up-portrait-2\/\" \/>\n<meta property=\"og:site_name\" content=\"Josef Dreis\u00f6rner Photographic &amp; Imaging Art\" \/>\n<meta property=\"article:publisher\" content=\"https:\/\/www.facebook.com\/josefdreisoerner\" \/>\n<meta property=\"article:modified_time\" content=\"2025-09-29T13:39:37+00:00\" \/>\n<meta property=\"og:image\" content=\"https:\/\/josef-dreisoerner.de\/wp-content\/uploads\/2025\/06\/Klimsch-Unikat-Portrait_Josef-Dreisoerner_rim.jpg\" \/>\n\t<meta property=\"og:image:width\" content=\"864\" \/>\n\t<meta property=\"og:image:height\" content=\"1030\" \/>\n\t<meta property=\"og:image:type\" content=\"image\/jpeg\" \/>\n<meta name=\"twitter:card\" content=\"summary_large_image\" \/>\n<meta name=\"twitter:label1\" content=\"Est. reading time\" \/>\n\t<meta name=\"twitter:data1\" content=\"1 minute\" \/>\n<script type=\"application\/ld+json\" class=\"yoast-schema-graph\">{\"@context\":\"https:\\\/\\\/schema.org\",\"@graph\":[{\"@type\":\"WebPage\",\"@id\":\"https:\\\/\\\/josef-dreisoerner.de\\\/en\\\/produkt\\\/voucher-for-a-klimsch-unique-close-up-portrait-2\\\/\",\"url\":\"https:\\\/\\\/josef-dreisoerner.de\\\/en\\\/produkt\\\/voucher-for-a-klimsch-unique-close-up-portrait-2\\\/\",\"name\":\"Voucher for a Klimsch Unique Close-up Portrait - Josef Dreis\u00f6rner Photographic &amp; Imaging Art\",\"isPartOf\":{\"@id\":\"https:\\\/\\\/josef-dreisoerner.de\\\/en\\\/#website\"},\"primaryImageOfPage\":{\"@id\":\"https:\\\/\\\/josef-dreisoerner.de\\\/en\\\/produkt\\\/voucher-for-a-klimsch-unique-close-up-portrait-2\\\/#primaryimage\"},\"image\":{\"@id\":\"https:\\\/\\\/josef-dreisoerner.de\\\/en\\\/produkt\\\/voucher-for-a-klimsch-unique-close-up-portrait-2\\\/#primaryimage\"},\"thumbnailUrl\":\"https:\\\/\\\/josef-dreisoerner.de\\\/wp-content\\\/uploads\\\/2025\\\/06\\\/Klimsch-Unikat-Portrait_Josef-Dreisoerner_rim.jpg\",\"datePublished\":\"2025-09-29T11:18:15+00:00\",\"dateModified\":\"2025-09-29T13:39:37+00:00\",\"description\":\"Analog portrait photography with a Klimsch reproduction camera (built in 1958) directly onto black and white photographic paper. Photo format 50x60 cm. Each picture is unique!\",\"breadcrumb\":{\"@id\":\"https:\\\/\\\/josef-dreisoerner.de\\\/en\\\/produkt\\\/voucher-for-a-klimsch-unique-close-up-portrait-2\\\/#breadcrumb\"},\"inLanguage\":\"en-US\",\"potentialAction\":[{\"@type\":\"ReadAction\",\"target\":[\"https:\\\/\\\/josef-dreisoerner.de\\\/en\\\/produkt\\\/voucher-for-a-klimsch-unique-close-up-portrait-2\\\/\"]}]},{\"@type\":\"ImageObject\",\"inLanguage\":\"en-US\",\"@id\":\"https:\\\/\\\/josef-dreisoerner.de\\\/en\\\/produkt\\\/voucher-for-a-klimsch-unique-close-up-portrait-2\\\/#primaryimage\",\"url\":\"https:\\\/\\\/josef-dreisoerner.de\\\/wp-content\\\/uploads\\\/2025\\\/06\\\/Klimsch-Unikat-Portrait_Josef-Dreisoerner_rim.jpg\",\"contentUrl\":\"https:\\\/\\\/josef-dreisoerner.de\\\/wp-content\\\/uploads\\\/2025\\\/06\\\/Klimsch-Unikat-Portrait_Josef-Dreisoerner_rim.jpg\",\"width\":864,\"height\":1030},{\"@type\":\"BreadcrumbList\",\"@id\":\"https:\\\/\\\/josef-dreisoerner.de\\\/en\\\/produkt\\\/voucher-for-a-klimsch-unique-close-up-portrait-2\\\/#breadcrumb\",\"itemListElement\":[{\"@type\":\"ListItem\",\"position\":1,\"name\":\"Startseite\",\"item\":\"https:\\\/\\\/josef-dreisoerner.de\\\/en\\\/josef-dreisoerner-analog-fine-art-photography-ai-and-digital-photo-art\\\/\"},{\"@type\":\"ListItem\",\"position\":2,\"name\":\"Store\",\"item\":\"https:\\\/\\\/josef-dreisoerner.de\\\/en\\\/store\\\/\"},{\"@type\":\"ListItem\",\"position\":3,\"name\":\"Voucher for a Klimsch Unique Close-up Portrait\"}]},{\"@type\":\"WebSite\",\"@id\":\"https:\\\/\\\/josef-dreisoerner.de\\\/en\\\/#website\",\"url\":\"https:\\\/\\\/josef-dreisoerner.de\\\/en\\\/\",\"name\":\"Josef Dreis\u00f6rner Photographic Art\",\"description\":\"Analoge, Gro\u00dfformat, Schwarzwei\u00df-Fotografien \\\/ KI &amp; Digital Imaging\",\"publisher\":{\"@id\":\"https:\\\/\\\/josef-dreisoerner.de\\\/en\\\/#organization\"},\"potentialAction\":[{\"@type\":\"SearchAction\",\"target\":{\"@type\":\"EntryPoint\",\"urlTemplate\":\"https:\\\/\\\/josef-dreisoerner.de\\\/en\\\/?s={search_term_string}\"},\"query-input\":{\"@type\":\"PropertyValueSpecification\",\"valueRequired\":true,\"valueName\":\"search_term_string\"}}],\"inLanguage\":\"en-US\"},{\"@type\":\"Organization\",\"@id\":\"https:\\\/\\\/josef-dreisoerner.de\\\/en\\\/#organization\",\"name\":\"Josef Dreis\u00f6rner\",\"url\":\"https:\\\/\\\/josef-dreisoerner.de\\\/en\\\/\",\"logo\":{\"@type\":\"ImageObject\",\"inLanguage\":\"en-US\",\"@id\":\"https:\\\/\\\/josef-dreisoerner.de\\\/en\\\/#\\\/schema\\\/logo\\\/image\\\/\",\"url\":\"https:\\\/\\\/josef-dreisoerner.de\\\/wp-content\\\/uploads\\\/2025\\\/05\\\/websiteicon-jd-art.gif\",\"contentUrl\":\"https:\\\/\\\/josef-dreisoerner.de\\\/wp-content\\\/uploads\\\/2025\\\/05\\\/websiteicon-jd-art.gif\",\"width\":512,\"height\":512,\"caption\":\"Josef Dreis\u00f6rner\"},\"image\":{\"@id\":\"https:\\\/\\\/josef-dreisoerner.de\\\/en\\\/#\\\/schema\\\/logo\\\/image\\\/\"},\"sameAs\":[\"https:\\\/\\\/www.facebook.com\\\/josefdreisoerner\",\"https:\\\/\\\/www.instagram.com\\\/josef_dreisoerner\"]}]}<\/script>\n<!-- \/ Yoast SEO plugin. -->","yoast_head_json":{"title":"Voucher for a Klimsch Unique Close-up Portrait - Josef Dreis\u00f6rner Photographic &amp; Imaging Art","description":"Analog portrait photography with a Klimsch reproduction camera (built in 1958) directly onto black and white photographic paper. Photo format 50x60 cm. Each picture is unique!","robots":{"index":"index","follow":"follow","max-snippet":"max-snippet:-1","max-image-preview":"max-image-preview:large","max-video-preview":"max-video-preview:-1"},"canonical":"https:\/\/josef-dreisoerner.de\/en\/produkt\/voucher-for-a-klimsch-unique-close-up-portrait-2\/","og_locale":"en_US","og_type":"article","og_title":"Voucher for a Klimsch Unique Close-up Portrait - Josef Dreis\u00f6rner Photographic &amp; Imaging Art","og_description":"Analog portrait photography with a Klimsch reproduction camera (built in 1958) directly onto black and white photographic paper. Photo format 50x60 cm. Each picture is unique!","og_url":"https:\/\/josef-dreisoerner.de\/en\/produkt\/voucher-for-a-klimsch-unique-close-up-portrait-2\/","og_site_name":"Josef Dreis\u00f6rner Photographic &amp; Imaging Art","article_publisher":"https:\/\/www.facebook.com\/josefdreisoerner","article_modified_time":"2025-09-29T13:39:37+00:00","og_image":[{"width":864,"height":1030,"url":"https:\/\/josef-dreisoerner.de\/wp-content\/uploads\/2025\/06\/Klimsch-Unikat-Portrait_Josef-Dreisoerner_rim.jpg","type":"image\/jpeg"}],"twitter_card":"summary_large_image","twitter_misc":{"Est. reading time":"1 minute"},"schema":{"@context":"https:\/\/schema.org","@graph":[{"@type":"WebPage","@id":"https:\/\/josef-dreisoerner.de\/en\/produkt\/voucher-for-a-klimsch-unique-close-up-portrait-2\/","url":"https:\/\/josef-dreisoerner.de\/en\/produkt\/voucher-for-a-klimsch-unique-close-up-portrait-2\/","name":"Voucher for a Klimsch Unique Close-up Portrait - Josef Dreis\u00f6rner Photographic &amp; Imaging Art","isPartOf":{"@id":"https:\/\/josef-dreisoerner.de\/en\/#website"},"primaryImageOfPage":{"@id":"https:\/\/josef-dreisoerner.de\/en\/produkt\/voucher-for-a-klimsch-unique-close-up-portrait-2\/#primaryimage"},"image":{"@id":"https:\/\/josef-dreisoerner.de\/en\/produkt\/voucher-for-a-klimsch-unique-close-up-portrait-2\/#primaryimage"},"thumbnailUrl":"https:\/\/josef-dreisoerner.de\/wp-content\/uploads\/2025\/06\/Klimsch-Unikat-Portrait_Josef-Dreisoerner_rim.jpg","datePublished":"2025-09-29T11:18:15+00:00","dateModified":"2025-09-29T13:39:37+00:00","description":"Analog portrait photography with a Klimsch reproduction camera (built in 1958) directly onto black and white photographic paper. Photo format 50x60 cm. Each picture is unique!","breadcrumb":{"@id":"https:\/\/josef-dreisoerner.de\/en\/produkt\/voucher-for-a-klimsch-unique-close-up-portrait-2\/#breadcrumb"},"inLanguage":"en-US","potentialAction":[{"@type":"ReadAction","target":["https:\/\/josef-dreisoerner.de\/en\/produkt\/voucher-for-a-klimsch-unique-close-up-portrait-2\/"]}]},{"@type":"ImageObject","inLanguage":"en-US","@id":"https:\/\/josef-dreisoerner.de\/en\/produkt\/voucher-for-a-klimsch-unique-close-up-portrait-2\/#primaryimage","url":"https:\/\/josef-dreisoerner.de\/wp-content\/uploads\/2025\/06\/Klimsch-Unikat-Portrait_Josef-Dreisoerner_rim.jpg","contentUrl":"https:\/\/josef-dreisoerner.de\/wp-content\/uploads\/2025\/06\/Klimsch-Unikat-Portrait_Josef-Dreisoerner_rim.jpg","width":864,"height":1030},{"@type":"BreadcrumbList","@id":"https:\/\/josef-dreisoerner.de\/en\/produkt\/voucher-for-a-klimsch-unique-close-up-portrait-2\/#breadcrumb","itemListElement":[{"@type":"ListItem","position":1,"name":"Startseite","item":"https:\/\/josef-dreisoerner.de\/en\/josef-dreisoerner-analog-fine-art-photography-ai-and-digital-photo-art\/"},{"@type":"ListItem","position":2,"name":"Store","item":"https:\/\/josef-dreisoerner.de\/en\/store\/"},{"@type":"ListItem","position":3,"name":"Voucher for a Klimsch Unique Close-up Portrait"}]},{"@type":"WebSite","@id":"https:\/\/josef-dreisoerner.de\/en\/#website","url":"https:\/\/josef-dreisoerner.de\/en\/","name":"Josef Dreis\u00f6rner Photographic Art","description":"Analoge, Gro\u00dfformat, Schwarzwei\u00df-Fotografien \/ KI &amp; Digital Imaging","publisher":{"@id":"https:\/\/josef-dreisoerner.de\/en\/#organization"},"potentialAction":[{"@type":"SearchAction","target":{"@type":"EntryPoint","urlTemplate":"https:\/\/josef-dreisoerner.de\/en\/?s={search_term_string}"},"query-input":{"@type":"PropertyValueSpecification","valueRequired":true,"valueName":"search_term_string"}}],"inLanguage":"en-US"},{"@type":"Organization","@id":"https:\/\/josef-dreisoerner.de\/en\/#organization","name":"Josef Dreis\u00f6rner","url":"https:\/\/josef-dreisoerner.de\/en\/","logo":{"@type":"ImageObject","inLanguage":"en-US","@id":"https:\/\/josef-dreisoerner.de\/en\/#\/schema\/logo\/image\/","url":"https:\/\/josef-dreisoerner.de\/wp-content\/uploads\/2025\/05\/websiteicon-jd-art.gif","contentUrl":"https:\/\/josef-dreisoerner.de\/wp-content\/uploads\/2025\/05\/websiteicon-jd-art.gif","width":512,"height":512,"caption":"Josef Dreis\u00f6rner"},"image":{"@id":"https:\/\/josef-dreisoerner.de\/en\/#\/schema\/logo\/image\/"},"sameAs":["https:\/\/www.facebook.com\/josefdreisoerner","https:\/\/www.instagram.com\/josef_dreisoerner"]}]}},"_links":{"self":[{"href":"https:\/\/josef-dreisoerner.de\/en\/wp-json\/wp\/v2\/product\/10086","targetHints":{"allow":["GET"]}}],"collection":[{"href":"https:\/\/josef-dreisoerner.de\/en\/wp-json\/wp\/v2\/product"}],"about":[{"href":"https:\/\/josef-dreisoerner.de\/en\/wp-json\/wp\/v2\/types\/product"}],"wp:featuredmedia":[{"embeddable":true,"href":"https:\/\/josef-dreisoerner.de\/en\/wp-json\/wp\/v2\/media\/5219"}],"wp:attachment":[{"href":"https:\/\/josef-dreisoerner.de\/en\/wp-json\/wp\/v2\/media?parent=10086"}],"wp:term":[{"taxonomy":"product_brand","embeddable":true,"href":"https:\/\/josef-dreisoerner.de\/en\/wp-json\/wp\/v2\/product_brand?post=10086"},{"taxonomy":"product_cat","embeddable":true,"href":"https:\/\/josef-dreisoerner.de\/en\/wp-json\/wp\/v2\/product_cat?post=10086"},{"taxonomy":"product_tag","embeddable":true,"href":"https:\/\/josef-dreisoerner.de\/en\/wp-json\/wp\/v2\/product_tag?post=10086"}],"curies":[{"name":"wp","href":"https:\/\/api.w.org\/{rel}","templated":true}]}}