{"id":8379,"date":"2025-06-24T13:06:17","date_gmt":"2025-06-24T11:06:17","guid":{"rendered":"https:\/\/shop.josef-dreisoerner.de\/produkt\/ai-robot-humanoid-robot-analog-version\/"},"modified":"2025-12-19T14:48:24","modified_gmt":"2025-12-19T13:48:24","slug":"ai-robot-humanoid-robot-analog-version","status":"publish","type":"product","link":"https:\/\/josef-dreisoerner.de\/en\/produkt\/ai-robot-humanoid-robot-analog-version\/","title":{"rendered":"AI-Robot &#8211; Humanoid Robot (analog version)"},"content":{"rendered":"<h3>AI-Robot &#8211; Humanoid Robot (Analog Version)<\/h3>\n<p>Put simply, an AI is just a programmed algorithm that performs certain tasks. An AI has no consciousness of its own and shows no understanding.  The question of the relationship between AI and &#8220;human warmth&#8221; is actually utopian. Nevertheless, I have dealt with this question artistically. <\/p>\n<p>In the future, robots will help with care or loneliness, for example, and will be used as service staff in restaurants. When these robots have a humanoid appearance, people even develop a certain empathy for the machines. However, this feeling quickly changes if the machines look too human. This phenomenon, known as the &#8220;Uncanny Valley&#8221;, means that the more human-like the robots are, the more sympathetic they seem &#8211; but only up to a certain point. Many people find any resemblance beyond this point creepy or scary. This only changes again when a robot can no longer be distinguished from a human.     <\/p>\n<h3>From the series &#8220;AI-Robot &#8211; Artificial Intelligence&#8221;<\/h3>\n<p>The increasing use of artificial intelligence offers a wide range of potential &#8211; but at the same time it also arouses fears and has a sinister effect on some people. The &#8220;AI-Robot &#8211; Artificial Intelligence&#8221; series explores selected aspects of this area of tension through art. <\/p>\n<p>First, the motifs were photographed 8 to 13 times each with the analog Klimsch Praktika repro camera. The exposure was made on 50&#215;60 cm, special black and white positive photo paper &#8211; without the detour via a negative &#8211; with subsequent manual development in the photo laboratory. By exposing directly onto the photographic paper, each photograph is unique within a small edition.  <\/p>\n<p>In the second step, the identical image themes were created again &#8211; this time with software support from an AI. The subject of close examination and in-depth evaluation here is how such an AI, in comparison to analog photography, implements the individual themes pictorially. <\/p>\n","protected":false},"excerpt":{"rendered":"<p>Versions and sizes:<\/p>\n<p>Analog photography with the Klimsch Praktika repro camera on a 50\u00d760 cm special black and white positive photo paper &#8211; without the detour via a negative &#8211; with subsequent manual development in the photo lab.<\/p>\n<p>&#8211; Picture format without frame: 50\u00d760 cm,<br \/>\n&#8211; Framed picture format: 60\u00d780 cm; aluminum frame with real wood veneer in anthracite and museum glass, frame profile 5 mm; passe-partout: white<\/p>\n<p><strong>Unique, hand-signed edition worldwide: 9 pieces plus 2 artist prints.<\/strong><br \/>\nDirect exposure on the photographic paper means that each photograph is unique within a small edition.<\/p>\n<p>All prices include VAT and shipping.<\/p>\n<p>The delivery time within Germany and the EU is approx. 14 working days, outside the EU approx. 3 weeks. Customs fees and customs clearance costs are borne by the customer when shipping outside the EU. We are not responsible for delays caused by customs and shipping service providers.  <\/p>\n<p>(The colors shown here may differ from the colors of the photo print depending on the monitor used).<\/p>\n","protected":false},"featured_media":10533,"template":"","meta":[],"product_brand":[],"product_cat":[100,102,99,103,95],"product_tag":[],"class_list":{"0":"post-8379","1":"product","2":"type-product","3":"status-publish","4":"has-post-thumbnail","6":"product_cat-analog-photography","7":"product_cat-black-and-white-photography","8":"product_cat-klimsch-camera-analog-stilll-lifes","9":"product_cat-limited-editions","10":"product_cat-show-all-pictures","12":"first","13":"instock","14":"sold-individually","15":"purchasable","16":"product-type-variable"},"yoast_head":"<!-- This site is optimized with the Yoast SEO plugin v27.3 - https:\/\/yoast.com\/product\/yoast-seo-wordpress\/ -->\n<title>AI-Robot - Humanoid Robot (analog version) - Josef Dreis\u00f6rner Photographic &amp; Imaging Art<\/title>\n<meta name=\"description\" content=\"Portrait of a humanoid robot. Analog large format black and white photography, fine art photography. Buy unique photo art online - Josef Dreis\u00f6rner.\" \/>\n<meta name=\"robots\" content=\"index, follow, max-snippet:-1, max-image-preview:large, max-video-preview:-1\" \/>\n<link rel=\"canonical\" href=\"https:\/\/josef-dreisoerner.de\/en\/produkt\/ai-robot-humanoid-robot-analog-version\/\" \/>\n<meta property=\"og:locale\" content=\"en_US\" \/>\n<meta property=\"og:type\" content=\"article\" \/>\n<meta property=\"og:title\" content=\"AI-Robot - Humanoid Robot (analog version) - Josef Dreis\u00f6rner Photographic &amp; Imaging Art\" \/>\n<meta property=\"og:description\" content=\"Portrait of a humanoid robot. Analog large format black and white photography, fine art photography. Buy unique photo art online - Josef Dreis\u00f6rner.\" \/>\n<meta property=\"og:url\" content=\"https:\/\/josef-dreisoerner.de\/en\/produkt\/ai-robot-humanoid-robot-analog-version\/\" \/>\n<meta property=\"og:site_name\" content=\"Josef Dreis\u00f6rner Photographic &amp; Imaging Art\" \/>\n<meta property=\"article:publisher\" content=\"https:\/\/www.facebook.com\/josefdreisoerner\" \/>\n<meta property=\"article:modified_time\" content=\"2025-12-19T13:48:24+00:00\" \/>\n<meta property=\"og:image\" content=\"https:\/\/josef-dreisoerner.de\/wp-content\/uploads\/2025\/12\/Josef-Dreisoerner_AI-Robot\u2013Humanoid-Robotic.jpg\" \/>\n\t<meta property=\"og:image:width\" content=\"872\" \/>\n\t<meta property=\"og:image:height\" content=\"1030\" \/>\n\t<meta property=\"og:image:type\" content=\"image\/jpeg\" \/>\n<meta name=\"twitter:card\" content=\"summary_large_image\" \/>\n<meta name=\"twitter:label1\" content=\"Est. reading time\" \/>\n\t<meta name=\"twitter:data1\" content=\"2 minutes\" \/>\n<script type=\"application\/ld+json\" class=\"yoast-schema-graph\">{\"@context\":\"https:\\\/\\\/schema.org\",\"@graph\":[{\"@type\":\"WebPage\",\"@id\":\"https:\\\/\\\/josef-dreisoerner.de\\\/en\\\/produkt\\\/ai-robot-humanoid-robot-analog-version\\\/\",\"url\":\"https:\\\/\\\/josef-dreisoerner.de\\\/en\\\/produkt\\\/ai-robot-humanoid-robot-analog-version\\\/\",\"name\":\"AI-Robot - Humanoid Robot (analog version) - Josef Dreis\u00f6rner Photographic &amp; Imaging Art\",\"isPartOf\":{\"@id\":\"https:\\\/\\\/josef-dreisoerner.de\\\/en\\\/#website\"},\"primaryImageOfPage\":{\"@id\":\"https:\\\/\\\/josef-dreisoerner.de\\\/en\\\/produkt\\\/ai-robot-humanoid-robot-analog-version\\\/#primaryimage\"},\"image\":{\"@id\":\"https:\\\/\\\/josef-dreisoerner.de\\\/en\\\/produkt\\\/ai-robot-humanoid-robot-analog-version\\\/#primaryimage\"},\"thumbnailUrl\":\"https:\\\/\\\/josef-dreisoerner.de\\\/wp-content\\\/uploads\\\/2025\\\/12\\\/Josef-Dreisoerner_AI-Robot\u2013Humanoid-Robotic.jpg\",\"datePublished\":\"2025-06-24T11:06:17+00:00\",\"dateModified\":\"2025-12-19T13:48:24+00:00\",\"description\":\"Portrait of a humanoid robot. Analog large format black and white photography, fine art photography. Buy unique photo art online - Josef Dreis\u00f6rner.\",\"breadcrumb\":{\"@id\":\"https:\\\/\\\/josef-dreisoerner.de\\\/en\\\/produkt\\\/ai-robot-humanoid-robot-analog-version\\\/#breadcrumb\"},\"inLanguage\":\"en-US\",\"potentialAction\":[{\"@type\":\"ReadAction\",\"target\":[\"https:\\\/\\\/josef-dreisoerner.de\\\/en\\\/produkt\\\/ai-robot-humanoid-robot-analog-version\\\/\"]}]},{\"@type\":\"ImageObject\",\"inLanguage\":\"en-US\",\"@id\":\"https:\\\/\\\/josef-dreisoerner.de\\\/en\\\/produkt\\\/ai-robot-humanoid-robot-analog-version\\\/#primaryimage\",\"url\":\"https:\\\/\\\/josef-dreisoerner.de\\\/wp-content\\\/uploads\\\/2025\\\/12\\\/Josef-Dreisoerner_AI-Robot\u2013Humanoid-Robotic.jpg\",\"contentUrl\":\"https:\\\/\\\/josef-dreisoerner.de\\\/wp-content\\\/uploads\\\/2025\\\/12\\\/Josef-Dreisoerner_AI-Robot\u2013Humanoid-Robotic.jpg\",\"width\":872,\"height\":1030},{\"@type\":\"BreadcrumbList\",\"@id\":\"https:\\\/\\\/josef-dreisoerner.de\\\/en\\\/produkt\\\/ai-robot-humanoid-robot-analog-version\\\/#breadcrumb\",\"itemListElement\":[{\"@type\":\"ListItem\",\"position\":1,\"name\":\"Startseite\",\"item\":\"https:\\\/\\\/josef-dreisoerner.de\\\/en\\\/josef-dreisoerner-analog-fine-art-photography-ai-and-digital-photo-art\\\/\"},{\"@type\":\"ListItem\",\"position\":2,\"name\":\"Store\",\"item\":\"https:\\\/\\\/josef-dreisoerner.de\\\/en\\\/store\\\/\"},{\"@type\":\"ListItem\",\"position\":3,\"name\":\"AI-Robot &#8211; Humanoid Robot (analog version)\"}]},{\"@type\":\"WebSite\",\"@id\":\"https:\\\/\\\/josef-dreisoerner.de\\\/en\\\/#website\",\"url\":\"https:\\\/\\\/josef-dreisoerner.de\\\/en\\\/\",\"name\":\"Josef Dreis\u00f6rner Photographic Art\",\"description\":\"Analoge, Gro\u00dfformat, Schwarzwei\u00df-Fotografien \\\/ KI &amp; Digital Imaging\",\"publisher\":{\"@id\":\"https:\\\/\\\/josef-dreisoerner.de\\\/en\\\/#organization\"},\"potentialAction\":[{\"@type\":\"SearchAction\",\"target\":{\"@type\":\"EntryPoint\",\"urlTemplate\":\"https:\\\/\\\/josef-dreisoerner.de\\\/en\\\/?s={search_term_string}\"},\"query-input\":{\"@type\":\"PropertyValueSpecification\",\"valueRequired\":true,\"valueName\":\"search_term_string\"}}],\"inLanguage\":\"en-US\"},{\"@type\":\"Organization\",\"@id\":\"https:\\\/\\\/josef-dreisoerner.de\\\/en\\\/#organization\",\"name\":\"Josef Dreis\u00f6rner\",\"url\":\"https:\\\/\\\/josef-dreisoerner.de\\\/en\\\/\",\"logo\":{\"@type\":\"ImageObject\",\"inLanguage\":\"en-US\",\"@id\":\"https:\\\/\\\/josef-dreisoerner.de\\\/en\\\/#\\\/schema\\\/logo\\\/image\\\/\",\"url\":\"https:\\\/\\\/josef-dreisoerner.de\\\/wp-content\\\/uploads\\\/2025\\\/05\\\/websiteicon-jd-art.gif\",\"contentUrl\":\"https:\\\/\\\/josef-dreisoerner.de\\\/wp-content\\\/uploads\\\/2025\\\/05\\\/websiteicon-jd-art.gif\",\"width\":512,\"height\":512,\"caption\":\"Josef Dreis\u00f6rner\"},\"image\":{\"@id\":\"https:\\\/\\\/josef-dreisoerner.de\\\/en\\\/#\\\/schema\\\/logo\\\/image\\\/\"},\"sameAs\":[\"https:\\\/\\\/www.facebook.com\\\/josefdreisoerner\",\"https:\\\/\\\/www.instagram.com\\\/josef_dreisoerner\"]}]}<\/script>\n<!-- \/ Yoast SEO plugin. -->","yoast_head_json":{"title":"AI-Robot - Humanoid Robot (analog version) - Josef Dreis\u00f6rner Photographic &amp; Imaging Art","description":"Portrait of a humanoid robot. Analog large format black and white photography, fine art photography. Buy unique photo art online - Josef Dreis\u00f6rner.","robots":{"index":"index","follow":"follow","max-snippet":"max-snippet:-1","max-image-preview":"max-image-preview:large","max-video-preview":"max-video-preview:-1"},"canonical":"https:\/\/josef-dreisoerner.de\/en\/produkt\/ai-robot-humanoid-robot-analog-version\/","og_locale":"en_US","og_type":"article","og_title":"AI-Robot - Humanoid Robot (analog version) - Josef Dreis\u00f6rner Photographic &amp; Imaging Art","og_description":"Portrait of a humanoid robot. Analog large format black and white photography, fine art photography. Buy unique photo art online - Josef Dreis\u00f6rner.","og_url":"https:\/\/josef-dreisoerner.de\/en\/produkt\/ai-robot-humanoid-robot-analog-version\/","og_site_name":"Josef Dreis\u00f6rner Photographic &amp; Imaging Art","article_publisher":"https:\/\/www.facebook.com\/josefdreisoerner","article_modified_time":"2025-12-19T13:48:24+00:00","og_image":[{"width":872,"height":1030,"url":"https:\/\/josef-dreisoerner.de\/wp-content\/uploads\/2025\/12\/Josef-Dreisoerner_AI-Robot\u2013Humanoid-Robotic.jpg","type":"image\/jpeg"}],"twitter_card":"summary_large_image","twitter_misc":{"Est. reading time":"2 minutes"},"schema":{"@context":"https:\/\/schema.org","@graph":[{"@type":"WebPage","@id":"https:\/\/josef-dreisoerner.de\/en\/produkt\/ai-robot-humanoid-robot-analog-version\/","url":"https:\/\/josef-dreisoerner.de\/en\/produkt\/ai-robot-humanoid-robot-analog-version\/","name":"AI-Robot - Humanoid Robot (analog version) - Josef Dreis\u00f6rner Photographic &amp; Imaging Art","isPartOf":{"@id":"https:\/\/josef-dreisoerner.de\/en\/#website"},"primaryImageOfPage":{"@id":"https:\/\/josef-dreisoerner.de\/en\/produkt\/ai-robot-humanoid-robot-analog-version\/#primaryimage"},"image":{"@id":"https:\/\/josef-dreisoerner.de\/en\/produkt\/ai-robot-humanoid-robot-analog-version\/#primaryimage"},"thumbnailUrl":"https:\/\/josef-dreisoerner.de\/wp-content\/uploads\/2025\/12\/Josef-Dreisoerner_AI-Robot\u2013Humanoid-Robotic.jpg","datePublished":"2025-06-24T11:06:17+00:00","dateModified":"2025-12-19T13:48:24+00:00","description":"Portrait of a humanoid robot. Analog large format black and white photography, fine art photography. Buy unique photo art online - Josef Dreis\u00f6rner.","breadcrumb":{"@id":"https:\/\/josef-dreisoerner.de\/en\/produkt\/ai-robot-humanoid-robot-analog-version\/#breadcrumb"},"inLanguage":"en-US","potentialAction":[{"@type":"ReadAction","target":["https:\/\/josef-dreisoerner.de\/en\/produkt\/ai-robot-humanoid-robot-analog-version\/"]}]},{"@type":"ImageObject","inLanguage":"en-US","@id":"https:\/\/josef-dreisoerner.de\/en\/produkt\/ai-robot-humanoid-robot-analog-version\/#primaryimage","url":"https:\/\/josef-dreisoerner.de\/wp-content\/uploads\/2025\/12\/Josef-Dreisoerner_AI-Robot\u2013Humanoid-Robotic.jpg","contentUrl":"https:\/\/josef-dreisoerner.de\/wp-content\/uploads\/2025\/12\/Josef-Dreisoerner_AI-Robot\u2013Humanoid-Robotic.jpg","width":872,"height":1030},{"@type":"BreadcrumbList","@id":"https:\/\/josef-dreisoerner.de\/en\/produkt\/ai-robot-humanoid-robot-analog-version\/#breadcrumb","itemListElement":[{"@type":"ListItem","position":1,"name":"Startseite","item":"https:\/\/josef-dreisoerner.de\/en\/josef-dreisoerner-analog-fine-art-photography-ai-and-digital-photo-art\/"},{"@type":"ListItem","position":2,"name":"Store","item":"https:\/\/josef-dreisoerner.de\/en\/store\/"},{"@type":"ListItem","position":3,"name":"AI-Robot &#8211; Humanoid Robot (analog version)"}]},{"@type":"WebSite","@id":"https:\/\/josef-dreisoerner.de\/en\/#website","url":"https:\/\/josef-dreisoerner.de\/en\/","name":"Josef Dreis\u00f6rner Photographic Art","description":"Analoge, Gro\u00dfformat, Schwarzwei\u00df-Fotografien \/ KI &amp; Digital Imaging","publisher":{"@id":"https:\/\/josef-dreisoerner.de\/en\/#organization"},"potentialAction":[{"@type":"SearchAction","target":{"@type":"EntryPoint","urlTemplate":"https:\/\/josef-dreisoerner.de\/en\/?s={search_term_string}"},"query-input":{"@type":"PropertyValueSpecification","valueRequired":true,"valueName":"search_term_string"}}],"inLanguage":"en-US"},{"@type":"Organization","@id":"https:\/\/josef-dreisoerner.de\/en\/#organization","name":"Josef Dreis\u00f6rner","url":"https:\/\/josef-dreisoerner.de\/en\/","logo":{"@type":"ImageObject","inLanguage":"en-US","@id":"https:\/\/josef-dreisoerner.de\/en\/#\/schema\/logo\/image\/","url":"https:\/\/josef-dreisoerner.de\/wp-content\/uploads\/2025\/05\/websiteicon-jd-art.gif","contentUrl":"https:\/\/josef-dreisoerner.de\/wp-content\/uploads\/2025\/05\/websiteicon-jd-art.gif","width":512,"height":512,"caption":"Josef Dreis\u00f6rner"},"image":{"@id":"https:\/\/josef-dreisoerner.de\/en\/#\/schema\/logo\/image\/"},"sameAs":["https:\/\/www.facebook.com\/josefdreisoerner","https:\/\/www.instagram.com\/josef_dreisoerner"]}]}},"_links":{"self":[{"href":"https:\/\/josef-dreisoerner.de\/en\/wp-json\/wp\/v2\/product\/8379","targetHints":{"allow":["GET"]}}],"collection":[{"href":"https:\/\/josef-dreisoerner.de\/en\/wp-json\/wp\/v2\/product"}],"about":[{"href":"https:\/\/josef-dreisoerner.de\/en\/wp-json\/wp\/v2\/types\/product"}],"wp:featuredmedia":[{"embeddable":true,"href":"https:\/\/josef-dreisoerner.de\/en\/wp-json\/wp\/v2\/media\/10533"}],"wp:attachment":[{"href":"https:\/\/josef-dreisoerner.de\/en\/wp-json\/wp\/v2\/media?parent=8379"}],"wp:term":[{"taxonomy":"product_brand","embeddable":true,"href":"https:\/\/josef-dreisoerner.de\/en\/wp-json\/wp\/v2\/product_brand?post=8379"},{"taxonomy":"product_cat","embeddable":true,"href":"https:\/\/josef-dreisoerner.de\/en\/wp-json\/wp\/v2\/product_cat?post=8379"},{"taxonomy":"product_tag","embeddable":true,"href":"https:\/\/josef-dreisoerner.de\/en\/wp-json\/wp\/v2\/product_tag?post=8379"}],"curies":[{"name":"wp","href":"https:\/\/api.w.org\/{rel}","templated":true}]}}