{"id":8424,"date":"2025-06-24T15:22:15","date_gmt":"2025-06-24T13:22:15","guid":{"rendered":"https:\/\/shop.josef-dreisoerner.de\/produkt\/protective-masks-digital-print-of-the-analog-version\/"},"modified":"2025-08-21T14:11:07","modified_gmt":"2025-08-21T12:11:07","slug":"protective-masks-digital-print-of-the-analog-version","status":"publish","type":"product","link":"https:\/\/josef-dreisoerner.de\/en\/produkt\/protective-masks-digital-print-of-the-analog-version\/","title":{"rendered":"Protective Masks (digital print of the analog version)"},"content":{"rendered":"<h3>Protective Masks (digital print of the analog version)<\/h3>\n<p>The Covid-19 pandemic has left its mark worldwide. Countries such as the USA, India and Brazil were particularly affected. By the end of 2021, over 250 million infections and more than five million deaths had been recorded.   Were the measures taken at the time, such as compulsory masks and vaccinations, excessive or even wrong from today&#8217;s perspective?<\/p>\n","protected":false},"excerpt":{"rendered":"<p>Versions and sizes:<\/p>\n<p>&#8211; Photo print on baryta paper; without frame<br \/>\nAvailable in the formats: 24&#215;30 cm I 30&#215;35 cm I 40&#215;50 cm I 50&#215;60 cm I 60&#215;70 cm<\/p>\n<p>Individual formats and designs on request at <a href=\"mailto:shop@josef-dreisoerner.de\">shop@josef-dreisoerner.de<\/a><\/p>\n<p>Digital photo print &#8211; based on a high-resolution scan of the analog original.<br \/>\n<strong>Limited, certified total edition of 30 pieces worldwide.<\/strong><\/p>\n<p>All prices include VAT and shipping.<\/p>\n<p>The delivery time within Germany and the EU is approx. 14 working days, outside the EU approx. 3 weeks. Customs fees and customs clearance costs are borne by the customer when shipping outside the EU. We are not responsible for delays caused by customs and shipping service providers.  <\/p>\n<p>(The colors shown here may differ from the colors of the photo print depending on the monitor used).<\/p>\n","protected":false},"featured_media":5142,"template":"","meta":[],"product_brand":[],"product_cat":[100,102,99,103,95],"product_tag":[],"class_list":{"0":"post-8424","1":"product","2":"type-product","3":"status-publish","4":"has-post-thumbnail","6":"product_cat-analog-photography","7":"product_cat-black-and-white-photography","8":"product_cat-klimsch-camera-analog-stilll-lifes","9":"product_cat-limited-editions","10":"product_cat-show-all-pictures","12":"first","13":"instock","14":"sold-individually","15":"purchasable","16":"product-type-variable"},"yoast_head":"<!-- This site is optimized with the Yoast SEO plugin v27.3 - https:\/\/yoast.com\/product\/yoast-seo-wordpress\/ -->\n<title>Protective Masks (digital print of the analog version) - Josef Dreis\u00f6rner Photographic &amp; Imaging Art<\/title>\n<meta name=\"description\" content=\"Photographic still life with Covid 19 masks. Photo print on baryta paper of analog fine art photography. Buy picture \/ photography in our online store.\" \/>\n<meta name=\"robots\" content=\"index, follow, max-snippet:-1, max-image-preview:large, max-video-preview:-1\" \/>\n<link rel=\"canonical\" href=\"https:\/\/josef-dreisoerner.de\/en\/produkt\/protective-masks-digital-print-of-the-analog-version\/\" \/>\n<meta property=\"og:locale\" content=\"en_US\" \/>\n<meta property=\"og:type\" content=\"article\" \/>\n<meta property=\"og:title\" content=\"Protective Masks (digital print of the analog version) - Josef Dreis\u00f6rner Photographic &amp; Imaging Art\" \/>\n<meta property=\"og:description\" content=\"Photographic still life with Covid 19 masks. Photo print on baryta paper of analog fine art photography. Buy picture \/ photography in our online store.\" \/>\n<meta property=\"og:url\" content=\"https:\/\/josef-dreisoerner.de\/en\/produkt\/protective-masks-digital-print-of-the-analog-version\/\" \/>\n<meta property=\"og:site_name\" content=\"Josef Dreis\u00f6rner Photographic &amp; Imaging Art\" \/>\n<meta property=\"article:publisher\" content=\"https:\/\/www.facebook.com\/josefdreisoerner\" \/>\n<meta property=\"article:modified_time\" content=\"2025-08-21T12:11:07+00:00\" \/>\n<meta property=\"og:image\" content=\"https:\/\/josef-dreisoerner.de\/wp-content\/uploads\/2025\/05\/Josef-Dreisoerner_Protective-Masks.jpg\" \/>\n\t<meta property=\"og:image:width\" content=\"872\" \/>\n\t<meta property=\"og:image:height\" content=\"1030\" \/>\n\t<meta property=\"og:image:type\" content=\"image\/jpeg\" \/>\n<meta name=\"twitter:card\" content=\"summary_large_image\" \/>\n<script type=\"application\/ld+json\" class=\"yoast-schema-graph\">{\"@context\":\"https:\\\/\\\/schema.org\",\"@graph\":[{\"@type\":\"WebPage\",\"@id\":\"https:\\\/\\\/josef-dreisoerner.de\\\/en\\\/produkt\\\/protective-masks-digital-print-of-the-analog-version\\\/\",\"url\":\"https:\\\/\\\/josef-dreisoerner.de\\\/en\\\/produkt\\\/protective-masks-digital-print-of-the-analog-version\\\/\",\"name\":\"Protective Masks (digital print of the analog version) - Josef Dreis\u00f6rner Photographic &amp; Imaging Art\",\"isPartOf\":{\"@id\":\"https:\\\/\\\/josef-dreisoerner.de\\\/en\\\/#website\"},\"primaryImageOfPage\":{\"@id\":\"https:\\\/\\\/josef-dreisoerner.de\\\/en\\\/produkt\\\/protective-masks-digital-print-of-the-analog-version\\\/#primaryimage\"},\"image\":{\"@id\":\"https:\\\/\\\/josef-dreisoerner.de\\\/en\\\/produkt\\\/protective-masks-digital-print-of-the-analog-version\\\/#primaryimage\"},\"thumbnailUrl\":\"https:\\\/\\\/josef-dreisoerner.de\\\/wp-content\\\/uploads\\\/2025\\\/05\\\/Josef-Dreisoerner_Protective-Masks.jpg\",\"datePublished\":\"2025-06-24T13:22:15+00:00\",\"dateModified\":\"2025-08-21T12:11:07+00:00\",\"description\":\"Photographic still life with Covid 19 masks. Photo print on baryta paper of analog fine art photography. Buy picture \\\/ photography in our online store.\",\"breadcrumb\":{\"@id\":\"https:\\\/\\\/josef-dreisoerner.de\\\/en\\\/produkt\\\/protective-masks-digital-print-of-the-analog-version\\\/#breadcrumb\"},\"inLanguage\":\"en-US\",\"potentialAction\":[{\"@type\":\"ReadAction\",\"target\":[\"https:\\\/\\\/josef-dreisoerner.de\\\/en\\\/produkt\\\/protective-masks-digital-print-of-the-analog-version\\\/\"]}]},{\"@type\":\"ImageObject\",\"inLanguage\":\"en-US\",\"@id\":\"https:\\\/\\\/josef-dreisoerner.de\\\/en\\\/produkt\\\/protective-masks-digital-print-of-the-analog-version\\\/#primaryimage\",\"url\":\"https:\\\/\\\/josef-dreisoerner.de\\\/wp-content\\\/uploads\\\/2025\\\/05\\\/Josef-Dreisoerner_Protective-Masks.jpg\",\"contentUrl\":\"https:\\\/\\\/josef-dreisoerner.de\\\/wp-content\\\/uploads\\\/2025\\\/05\\\/Josef-Dreisoerner_Protective-Masks.jpg\",\"width\":872,\"height\":1030},{\"@type\":\"BreadcrumbList\",\"@id\":\"https:\\\/\\\/josef-dreisoerner.de\\\/en\\\/produkt\\\/protective-masks-digital-print-of-the-analog-version\\\/#breadcrumb\",\"itemListElement\":[{\"@type\":\"ListItem\",\"position\":1,\"name\":\"Startseite\",\"item\":\"https:\\\/\\\/josef-dreisoerner.de\\\/en\\\/josef-dreisoerner-analog-fine-art-photography-ai-and-digital-photo-art\\\/\"},{\"@type\":\"ListItem\",\"position\":2,\"name\":\"Store\",\"item\":\"https:\\\/\\\/josef-dreisoerner.de\\\/en\\\/store\\\/\"},{\"@type\":\"ListItem\",\"position\":3,\"name\":\"Protective Masks (digital print of the analog version)\"}]},{\"@type\":\"WebSite\",\"@id\":\"https:\\\/\\\/josef-dreisoerner.de\\\/en\\\/#website\",\"url\":\"https:\\\/\\\/josef-dreisoerner.de\\\/en\\\/\",\"name\":\"Josef Dreis\u00f6rner Photographic Art\",\"description\":\"Analoge, Gro\u00dfformat, Schwarzwei\u00df-Fotografien \\\/ KI &amp; Digital Imaging\",\"publisher\":{\"@id\":\"https:\\\/\\\/josef-dreisoerner.de\\\/en\\\/#organization\"},\"potentialAction\":[{\"@type\":\"SearchAction\",\"target\":{\"@type\":\"EntryPoint\",\"urlTemplate\":\"https:\\\/\\\/josef-dreisoerner.de\\\/en\\\/?s={search_term_string}\"},\"query-input\":{\"@type\":\"PropertyValueSpecification\",\"valueRequired\":true,\"valueName\":\"search_term_string\"}}],\"inLanguage\":\"en-US\"},{\"@type\":\"Organization\",\"@id\":\"https:\\\/\\\/josef-dreisoerner.de\\\/en\\\/#organization\",\"name\":\"Josef Dreis\u00f6rner\",\"url\":\"https:\\\/\\\/josef-dreisoerner.de\\\/en\\\/\",\"logo\":{\"@type\":\"ImageObject\",\"inLanguage\":\"en-US\",\"@id\":\"https:\\\/\\\/josef-dreisoerner.de\\\/en\\\/#\\\/schema\\\/logo\\\/image\\\/\",\"url\":\"https:\\\/\\\/josef-dreisoerner.de\\\/wp-content\\\/uploads\\\/2025\\\/05\\\/websiteicon-jd-art.gif\",\"contentUrl\":\"https:\\\/\\\/josef-dreisoerner.de\\\/wp-content\\\/uploads\\\/2025\\\/05\\\/websiteicon-jd-art.gif\",\"width\":512,\"height\":512,\"caption\":\"Josef Dreis\u00f6rner\"},\"image\":{\"@id\":\"https:\\\/\\\/josef-dreisoerner.de\\\/en\\\/#\\\/schema\\\/logo\\\/image\\\/\"},\"sameAs\":[\"https:\\\/\\\/www.facebook.com\\\/josefdreisoerner\",\"https:\\\/\\\/www.instagram.com\\\/josef_dreisoerner\"]}]}<\/script>\n<!-- \/ Yoast SEO plugin. -->","yoast_head_json":{"title":"Protective Masks (digital print of the analog version) - Josef Dreis\u00f6rner Photographic &amp; Imaging Art","description":"Photographic still life with Covid 19 masks. Photo print on baryta paper of analog fine art photography. Buy picture \/ photography in our online store.","robots":{"index":"index","follow":"follow","max-snippet":"max-snippet:-1","max-image-preview":"max-image-preview:large","max-video-preview":"max-video-preview:-1"},"canonical":"https:\/\/josef-dreisoerner.de\/en\/produkt\/protective-masks-digital-print-of-the-analog-version\/","og_locale":"en_US","og_type":"article","og_title":"Protective Masks (digital print of the analog version) - Josef Dreis\u00f6rner Photographic &amp; Imaging Art","og_description":"Photographic still life with Covid 19 masks. Photo print on baryta paper of analog fine art photography. Buy picture \/ photography in our online store.","og_url":"https:\/\/josef-dreisoerner.de\/en\/produkt\/protective-masks-digital-print-of-the-analog-version\/","og_site_name":"Josef Dreis\u00f6rner Photographic &amp; Imaging Art","article_publisher":"https:\/\/www.facebook.com\/josefdreisoerner","article_modified_time":"2025-08-21T12:11:07+00:00","og_image":[{"width":872,"height":1030,"url":"https:\/\/josef-dreisoerner.de\/wp-content\/uploads\/2025\/05\/Josef-Dreisoerner_Protective-Masks.jpg","type":"image\/jpeg"}],"twitter_card":"summary_large_image","schema":{"@context":"https:\/\/schema.org","@graph":[{"@type":"WebPage","@id":"https:\/\/josef-dreisoerner.de\/en\/produkt\/protective-masks-digital-print-of-the-analog-version\/","url":"https:\/\/josef-dreisoerner.de\/en\/produkt\/protective-masks-digital-print-of-the-analog-version\/","name":"Protective Masks (digital print of the analog version) - Josef Dreis\u00f6rner Photographic &amp; Imaging Art","isPartOf":{"@id":"https:\/\/josef-dreisoerner.de\/en\/#website"},"primaryImageOfPage":{"@id":"https:\/\/josef-dreisoerner.de\/en\/produkt\/protective-masks-digital-print-of-the-analog-version\/#primaryimage"},"image":{"@id":"https:\/\/josef-dreisoerner.de\/en\/produkt\/protective-masks-digital-print-of-the-analog-version\/#primaryimage"},"thumbnailUrl":"https:\/\/josef-dreisoerner.de\/wp-content\/uploads\/2025\/05\/Josef-Dreisoerner_Protective-Masks.jpg","datePublished":"2025-06-24T13:22:15+00:00","dateModified":"2025-08-21T12:11:07+00:00","description":"Photographic still life with Covid 19 masks. Photo print on baryta paper of analog fine art photography. Buy picture \/ photography in our online store.","breadcrumb":{"@id":"https:\/\/josef-dreisoerner.de\/en\/produkt\/protective-masks-digital-print-of-the-analog-version\/#breadcrumb"},"inLanguage":"en-US","potentialAction":[{"@type":"ReadAction","target":["https:\/\/josef-dreisoerner.de\/en\/produkt\/protective-masks-digital-print-of-the-analog-version\/"]}]},{"@type":"ImageObject","inLanguage":"en-US","@id":"https:\/\/josef-dreisoerner.de\/en\/produkt\/protective-masks-digital-print-of-the-analog-version\/#primaryimage","url":"https:\/\/josef-dreisoerner.de\/wp-content\/uploads\/2025\/05\/Josef-Dreisoerner_Protective-Masks.jpg","contentUrl":"https:\/\/josef-dreisoerner.de\/wp-content\/uploads\/2025\/05\/Josef-Dreisoerner_Protective-Masks.jpg","width":872,"height":1030},{"@type":"BreadcrumbList","@id":"https:\/\/josef-dreisoerner.de\/en\/produkt\/protective-masks-digital-print-of-the-analog-version\/#breadcrumb","itemListElement":[{"@type":"ListItem","position":1,"name":"Startseite","item":"https:\/\/josef-dreisoerner.de\/en\/josef-dreisoerner-analog-fine-art-photography-ai-and-digital-photo-art\/"},{"@type":"ListItem","position":2,"name":"Store","item":"https:\/\/josef-dreisoerner.de\/en\/store\/"},{"@type":"ListItem","position":3,"name":"Protective Masks (digital print of the analog version)"}]},{"@type":"WebSite","@id":"https:\/\/josef-dreisoerner.de\/en\/#website","url":"https:\/\/josef-dreisoerner.de\/en\/","name":"Josef Dreis\u00f6rner Photographic Art","description":"Analoge, Gro\u00dfformat, Schwarzwei\u00df-Fotografien \/ KI &amp; Digital Imaging","publisher":{"@id":"https:\/\/josef-dreisoerner.de\/en\/#organization"},"potentialAction":[{"@type":"SearchAction","target":{"@type":"EntryPoint","urlTemplate":"https:\/\/josef-dreisoerner.de\/en\/?s={search_term_string}"},"query-input":{"@type":"PropertyValueSpecification","valueRequired":true,"valueName":"search_term_string"}}],"inLanguage":"en-US"},{"@type":"Organization","@id":"https:\/\/josef-dreisoerner.de\/en\/#organization","name":"Josef Dreis\u00f6rner","url":"https:\/\/josef-dreisoerner.de\/en\/","logo":{"@type":"ImageObject","inLanguage":"en-US","@id":"https:\/\/josef-dreisoerner.de\/en\/#\/schema\/logo\/image\/","url":"https:\/\/josef-dreisoerner.de\/wp-content\/uploads\/2025\/05\/websiteicon-jd-art.gif","contentUrl":"https:\/\/josef-dreisoerner.de\/wp-content\/uploads\/2025\/05\/websiteicon-jd-art.gif","width":512,"height":512,"caption":"Josef Dreis\u00f6rner"},"image":{"@id":"https:\/\/josef-dreisoerner.de\/en\/#\/schema\/logo\/image\/"},"sameAs":["https:\/\/www.facebook.com\/josefdreisoerner","https:\/\/www.instagram.com\/josef_dreisoerner"]}]}},"_links":{"self":[{"href":"https:\/\/josef-dreisoerner.de\/en\/wp-json\/wp\/v2\/product\/8424","targetHints":{"allow":["GET"]}}],"collection":[{"href":"https:\/\/josef-dreisoerner.de\/en\/wp-json\/wp\/v2\/product"}],"about":[{"href":"https:\/\/josef-dreisoerner.de\/en\/wp-json\/wp\/v2\/types\/product"}],"wp:featuredmedia":[{"embeddable":true,"href":"https:\/\/josef-dreisoerner.de\/en\/wp-json\/wp\/v2\/media\/5142"}],"wp:attachment":[{"href":"https:\/\/josef-dreisoerner.de\/en\/wp-json\/wp\/v2\/media?parent=8424"}],"wp:term":[{"taxonomy":"product_brand","embeddable":true,"href":"https:\/\/josef-dreisoerner.de\/en\/wp-json\/wp\/v2\/product_brand?post=8424"},{"taxonomy":"product_cat","embeddable":true,"href":"https:\/\/josef-dreisoerner.de\/en\/wp-json\/wp\/v2\/product_cat?post=8424"},{"taxonomy":"product_tag","embeddable":true,"href":"https:\/\/josef-dreisoerner.de\/en\/wp-json\/wp\/v2\/product_tag?post=8424"}],"curies":[{"name":"wp","href":"https:\/\/api.w.org\/{rel}","templated":true}]}}